{"id":2686,"date":"2026-05-15T09:33:10","date_gmt":"2026-05-15T06:33:10","guid":{"rendered":"https:\/\/jungianstudiesistanbul.com\/?post_type=product&#038;p=2686"},"modified":"2026-05-15T11:51:29","modified_gmt":"2026-05-15T08:51:29","slug":"beden-imgeler-oznelerarasi-alanda-soma","status":"publish","type":"product","link":"https:\/\/jungianstudiesistanbul.com\/en\/product\/beden-imgeler-oznelerarasi-alanda-soma\/","title":{"rendered":"Beden \u0130mgeler: \u00d6zneleraras\u0131 Alanda Soma"},"content":{"rendered":"<p data-start=\"80\" data-end=\"878\">In the field of psychosomatics there are two major schools of thought. The first is the older approach which associates specific psychosomatic symptoms with particular psychological conflicts and developmental arrests. In this approach the body is seen as expressing what is forbidden to express in the mind. The more contemporary approach sees the psyche and body as a unified whole. Therefore, the body is one possible channel for the emergence of unconscious material, which is to be understood and engaged like any other manifestation of the unconscious. Hence, each bodily symptom is embraced like a dream which tells us something about the unconscious of the patient. Like a dream, each symptom is treated as new and unique to the individual. This presentation will embrace this later model of psychosomatics.\n\nWe will explore Jung\u2019s concept of the body as shadow and as the subtle body, as well as psychoanalytic understanding of the body. Specific emphasis will be place on the analyst\u2019s awareness of somatic experience of both analyst and analysand as well as somatization of psychological symptoms. We will focus on developing sensitivity to somatic information as a means of understanding and interpreting unconscious interaction in the analytic field. In the process we will explore theories of the body associated with Freud, Wilhelm Reich, Carl Jung, Wilfred Bion, as well as supporting research from neuroscience and research on primary affects.<\/p>\n<p data-start=\"880\" data-end=\"1529\" class=\"translation-block\">We will explore Jung\u2019s concept of the body as shadow and as the subtle body, as well as psychoanalytic understanding of the body. Specific emphasis will be place on the analyst\u2019s awareness of somatic experience of both analyst and analysand as well as somatization of psychological symptoms. We will focus on developing sensitivity to somatic information as a means of understanding and interpreting unconscious interaction in the analytic field. In the process we will explore theories of the body associated with Freud, Wilhelm Reich, Carl Jung, Wilfred Bion, as well as supporting research from neuroscience and research on primary affects.<\/p>\n<h3 data-section-id=\"18xxgab\" data-start=\"1531\" data-end=\"1542\">Objectives<\/h3>\n<p data-start=\"1544\" data-end=\"1638\">\u2022 Develop understanding of Jung\u2019s conceptualization of the body in Analytical Psychology<\/p>\n<p data-start=\"1640\" data-end=\"1704\">\u2022 Develop an understanding of psychoanalytic model of the body.<\/p>\n<p data-start=\"1706\" data-end=\"1774\">\u2022 Increase awareness of somatic experience in the analytic field.<\/p>\n<p data-start=\"1776\" data-end=\"1848\">\u2022 Increase awareness of somatization of psychological symptoms.<\/p>\n<p data-start=\"1850\" data-end=\"1942\">\u2022 Creating analytic interpretations based on the somatic experience of the patient as well as the analyst.<\/p>","protected":false},"excerpt":{"rendered":"<p data-start=\"88\" data-end=\"124\"><strong data-start=\"88\" data-end=\"124\">Why Should You Attend This Training?<\/strong><\/p>\n<p data-start=\"126\" data-end=\"421\">Psychological symptoms do not always speak through words; at times, the body expresses what the psyche cannot articulate. This training offers a depth-oriented perspective that approaches the body not merely as a biological structure, but as a living field through which unconscious material emerges.<\/p>\n<p data-start=\"423\" data-end=\"630\">Mark Winborn\u2019s Jungian and psychoanalytic approach invites participants to reconsider psychosomatic symptoms not simply as medical phenomena, but as symbolic expressions of psychic life.<\/p>\n<p data-start=\"632\" data-end=\"644\">In this training, you will:<\/p>\n<p data-start=\"646\" data-end=\"1149\" class=\"translation-block\">\u2014 Examine bodily symptoms from a Jungian perspective as manifestations of unconscious processes.\n\u2014 Develop an understanding of how the body \u201cspeaks\u201d within the analytic field through both the analysand and the analyst.\n\u2014 Explore Jung\u2019s concepts of the shadow, subtle body, and psyche-body unity in dialogue with contemporary psychoanalytic thought.\n\u2014 Build conceptual bridges between the body theories of Freud, Reich, Jung, and Bion, alongside current perspectives from neuroscience and affect theory.<\/p>\n<p data-start=\"1151\" data-end=\"1347\" data-is-last-node=\"\" data-is-only-node=\"\"><strong data-start=\"1151\" data-end=\"1347\" data-is-last-node=\"\">If you wish to deepen your understanding of the body as a symbolic and relational dimension of analytic work, this training offers a clinically rich and theoretically compelling experience.<\/strong><\/p>","protected":false},"featured_media":2699,"template":"","meta":[],"product_brand":[],"product_cat":[96],"product_tag":[],"class_list":{"0":"post-2686","1":"product","2":"type-product","3":"status-publish","4":"has-post-thumbnail","6":"product_cat-egitimler","8":"first","9":"instock","10":"virtual","11":"purchasable","12":"product-type-simple"},"yoast_head":"<!-- This site is optimized with the Yoast SEO plugin v26.8 - https:\/\/yoast.com\/product\/yoast-seo-wordpress\/ -->\n<title>Beden \u0130mgeler: \u00d6zneleraras\u0131 Alanda Soma - Jungian Studies \u0130stanbul<\/title>\n<meta name=\"description\" content=\"Mark Winborn ile Jungiyen psikanaliz ve psikosomatik yakla\u015f\u0131m\u0131 ke\u015ffedin. Beden, bilin\u00e7d\u0131\u015f\u0131 s\u00fcre\u00e7ler, somatik semptomlar ve analitik alanda bedenin rol\u00fcne dair e\u011fitim.\" \/>\n<meta name=\"robots\" content=\"index, follow, max-snippet:-1, max-image-preview:large, max-video-preview:-1\" \/>\n<link rel=\"canonical\" href=\"https:\/\/jungianstudiesistanbul.com\/en\/product\/beden-imgeler-oznelerarasi-alanda-soma\/\" \/>\n<meta property=\"og:locale\" content=\"en_US\" \/>\n<meta property=\"og:type\" content=\"article\" \/>\n<meta property=\"og:title\" content=\"Beden \u0130mgeler: \u00d6zneleraras\u0131 Alanda Soma - Jungian Studies \u0130stanbul\" \/>\n<meta property=\"og:description\" content=\"Mark Winborn ile Jungiyen psikanaliz ve psikosomatik yakla\u015f\u0131m\u0131 ke\u015ffedin. Beden, bilin\u00e7d\u0131\u015f\u0131 s\u00fcre\u00e7ler, somatik semptomlar ve analitik alanda bedenin rol\u00fcne dair e\u011fitim.\" \/>\n<meta property=\"og:url\" content=\"https:\/\/jungianstudiesistanbul.com\/en\/product\/beden-imgeler-oznelerarasi-alanda-soma\/\" \/>\n<meta property=\"og:site_name\" content=\"Jungian Studies \u0130stanbul\" \/>\n<meta property=\"article:modified_time\" content=\"2026-05-15T08:51:29+00:00\" \/>\n<meta property=\"og:image\" content=\"https:\/\/jungianstudiesistanbul.com\/wp-content\/uploads\/2026\/05\/Flyer-1-TR-2-819x1024.png\" \/>\n\t<meta property=\"og:image:width\" content=\"819\" \/>\n\t<meta property=\"og:image:height\" content=\"1024\" \/>\n\t<meta property=\"og:image:type\" content=\"image\/png\" \/>\n<meta name=\"twitter:card\" content=\"summary_large_image\" \/>\n<meta name=\"twitter:label1\" content=\"Est. reading time\" \/>\n\t<meta name=\"twitter:data1\" content=\"2 minutes\" \/>\n<script type=\"application\/ld+json\" class=\"yoast-schema-graph\">{\"@context\":\"https:\/\/schema.org\",\"@graph\":[{\"@type\":\"WebPage\",\"@id\":\"https:\/\/jungianstudiesistanbul.com\/product\/beden-imgeler-oznelerarasi-alanda-soma\/\",\"url\":\"https:\/\/jungianstudiesistanbul.com\/product\/beden-imgeler-oznelerarasi-alanda-soma\/\",\"name\":\"Beden \u0130mgeler: \u00d6zneleraras\u0131 Alanda Soma - Jungian Studies \u0130stanbul\",\"isPartOf\":{\"@id\":\"https:\/\/jungianstudiesistanbul.com\/#website\"},\"primaryImageOfPage\":{\"@id\":\"https:\/\/jungianstudiesistanbul.com\/product\/beden-imgeler-oznelerarasi-alanda-soma\/#primaryimage\"},\"image\":{\"@id\":\"https:\/\/jungianstudiesistanbul.com\/product\/beden-imgeler-oznelerarasi-alanda-soma\/#primaryimage\"},\"thumbnailUrl\":\"https:\/\/jungianstudiesistanbul.com\/wp-content\/uploads\/2026\/05\/Flyer-1-TR-2.png\",\"datePublished\":\"2026-05-15T06:33:10+00:00\",\"dateModified\":\"2026-05-15T08:51:29+00:00\",\"description\":\"Mark Winborn ile Jungiyen psikanaliz ve psikosomatik yakla\u015f\u0131m\u0131 ke\u015ffedin. Beden, bilin\u00e7d\u0131\u015f\u0131 s\u00fcre\u00e7ler, somatik semptomlar ve analitik alanda bedenin rol\u00fcne dair e\u011fitim.\",\"breadcrumb\":{\"@id\":\"https:\/\/jungianstudiesistanbul.com\/product\/beden-imgeler-oznelerarasi-alanda-soma\/#breadcrumb\"},\"inLanguage\":\"en-US\",\"potentialAction\":[{\"@type\":\"ReadAction\",\"target\":[\"https:\/\/jungianstudiesistanbul.com\/product\/beden-imgeler-oznelerarasi-alanda-soma\/\"]}]},{\"@type\":\"ImageObject\",\"inLanguage\":\"en-US\",\"@id\":\"https:\/\/jungianstudiesistanbul.com\/product\/beden-imgeler-oznelerarasi-alanda-soma\/#primaryimage\",\"url\":\"https:\/\/jungianstudiesistanbul.com\/wp-content\/uploads\/2026\/05\/Flyer-1-TR-2.png\",\"contentUrl\":\"https:\/\/jungianstudiesistanbul.com\/wp-content\/uploads\/2026\/05\/Flyer-1-TR-2.png\",\"width\":1080,\"height\":1350},{\"@type\":\"BreadcrumbList\",\"@id\":\"https:\/\/jungianstudiesistanbul.com\/product\/beden-imgeler-oznelerarasi-alanda-soma\/#breadcrumb\",\"itemListElement\":[{\"@type\":\"ListItem\",\"position\":1,\"name\":\"Anasayfa\",\"item\":\"https:\/\/jungianstudiesistanbul.com\/\"},{\"@type\":\"ListItem\",\"position\":2,\"name\":\"Ma\u011faza\",\"item\":\"https:\/\/jungianstudiesistanbul.com\/magaza\/\"},{\"@type\":\"ListItem\",\"position\":3,\"name\":\"Beden \u0130mgeler: \u00d6zneleraras\u0131 Alanda Soma\"}]},{\"@type\":\"WebSite\",\"@id\":\"https:\/\/jungianstudiesistanbul.com\/#website\",\"url\":\"https:\/\/jungianstudiesistanbul.com\/\",\"name\":\"Jungian Studies \u0130stanbul\",\"description\":\"e-Kitaplar, PDF D\u00f6k\u00fcmanlar, At\u00f6lyeler ve G\u00fcncel \u0130\u00e7erikler\",\"publisher\":{\"@id\":\"https:\/\/jungianstudiesistanbul.com\/#organization\"},\"potentialAction\":[{\"@type\":\"SearchAction\",\"target\":{\"@type\":\"EntryPoint\",\"urlTemplate\":\"https:\/\/jungianstudiesistanbul.com\/?s={search_term_string}\"},\"query-input\":{\"@type\":\"PropertyValueSpecification\",\"valueRequired\":true,\"valueName\":\"search_term_string\"}}],\"inLanguage\":\"en-US\"},{\"@type\":\"Organization\",\"@id\":\"https:\/\/jungianstudiesistanbul.com\/#organization\",\"name\":\"Jungian Studies \u0130stanbul\",\"url\":\"https:\/\/jungianstudiesistanbul.com\/\",\"logo\":{\"@type\":\"ImageObject\",\"inLanguage\":\"en-US\",\"@id\":\"https:\/\/jungianstudiesistanbul.com\/#\/schema\/logo\/image\/\",\"url\":\"https:\/\/jungianstudiesistanbul.com\/wp-content\/uploads\/2026\/01\/rsw_700cg_truem.png\",\"contentUrl\":\"https:\/\/jungianstudiesistanbul.com\/wp-content\/uploads\/2026\/01\/rsw_700cg_truem.png\",\"width\":700,\"height\":700,\"caption\":\"Jungian Studies \u0130stanbul\"},\"image\":{\"@id\":\"https:\/\/jungianstudiesistanbul.com\/#\/schema\/logo\/image\/\"}}]}<\/script>\n<!-- \/ Yoast SEO plugin. -->","yoast_head_json":{"title":"Beden \u0130mgeler: \u00d6zneleraras\u0131 Alanda Soma - Jungian Studies \u0130stanbul","description":"Mark Winborn ile Jungiyen psikanaliz ve psikosomatik yakla\u015f\u0131m\u0131 ke\u015ffedin. Beden, bilin\u00e7d\u0131\u015f\u0131 s\u00fcre\u00e7ler, somatik semptomlar ve analitik alanda bedenin rol\u00fcne dair e\u011fitim.","robots":{"index":"index","follow":"follow","max-snippet":"max-snippet:-1","max-image-preview":"max-image-preview:large","max-video-preview":"max-video-preview:-1"},"canonical":"https:\/\/jungianstudiesistanbul.com\/en\/product\/beden-imgeler-oznelerarasi-alanda-soma\/","og_locale":"en_US","og_type":"article","og_title":"Beden \u0130mgeler: \u00d6zneleraras\u0131 Alanda Soma - Jungian Studies \u0130stanbul","og_description":"Mark Winborn ile Jungiyen psikanaliz ve psikosomatik yakla\u015f\u0131m\u0131 ke\u015ffedin. Beden, bilin\u00e7d\u0131\u015f\u0131 s\u00fcre\u00e7ler, somatik semptomlar ve analitik alanda bedenin rol\u00fcne dair e\u011fitim.","og_url":"https:\/\/jungianstudiesistanbul.com\/en\/product\/beden-imgeler-oznelerarasi-alanda-soma\/","og_site_name":"Jungian Studies \u0130stanbul","article_modified_time":"2026-05-15T08:51:29+00:00","og_image":[{"width":819,"height":1024,"url":"https:\/\/jungianstudiesistanbul.com\/wp-content\/uploads\/2026\/05\/Flyer-1-TR-2-819x1024.png","type":"image\/png"}],"twitter_card":"summary_large_image","twitter_misc":{"Est. reading time":"2 minutes"},"schema":{"@context":"https:\/\/schema.org","@graph":[{"@type":"WebPage","@id":"https:\/\/jungianstudiesistanbul.com\/product\/beden-imgeler-oznelerarasi-alanda-soma\/","url":"https:\/\/jungianstudiesistanbul.com\/product\/beden-imgeler-oznelerarasi-alanda-soma\/","name":"Beden \u0130mgeler: \u00d6zneleraras\u0131 Alanda Soma - Jungian Studies \u0130stanbul","isPartOf":{"@id":"https:\/\/jungianstudiesistanbul.com\/#website"},"primaryImageOfPage":{"@id":"https:\/\/jungianstudiesistanbul.com\/product\/beden-imgeler-oznelerarasi-alanda-soma\/#primaryimage"},"image":{"@id":"https:\/\/jungianstudiesistanbul.com\/product\/beden-imgeler-oznelerarasi-alanda-soma\/#primaryimage"},"thumbnailUrl":"https:\/\/jungianstudiesistanbul.com\/wp-content\/uploads\/2026\/05\/Flyer-1-TR-2.png","datePublished":"2026-05-15T06:33:10+00:00","dateModified":"2026-05-15T08:51:29+00:00","description":"Mark Winborn ile Jungiyen psikanaliz ve psikosomatik yakla\u015f\u0131m\u0131 ke\u015ffedin. Beden, bilin\u00e7d\u0131\u015f\u0131 s\u00fcre\u00e7ler, somatik semptomlar ve analitik alanda bedenin rol\u00fcne dair e\u011fitim.","breadcrumb":{"@id":"https:\/\/jungianstudiesistanbul.com\/product\/beden-imgeler-oznelerarasi-alanda-soma\/#breadcrumb"},"inLanguage":"en-US","potentialAction":[{"@type":"ReadAction","target":["https:\/\/jungianstudiesistanbul.com\/product\/beden-imgeler-oznelerarasi-alanda-soma\/"]}]},{"@type":"ImageObject","inLanguage":"en-US","@id":"https:\/\/jungianstudiesistanbul.com\/product\/beden-imgeler-oznelerarasi-alanda-soma\/#primaryimage","url":"https:\/\/jungianstudiesistanbul.com\/wp-content\/uploads\/2026\/05\/Flyer-1-TR-2.png","contentUrl":"https:\/\/jungianstudiesistanbul.com\/wp-content\/uploads\/2026\/05\/Flyer-1-TR-2.png","width":1080,"height":1350},{"@type":"BreadcrumbList","@id":"https:\/\/jungianstudiesistanbul.com\/product\/beden-imgeler-oznelerarasi-alanda-soma\/#breadcrumb","itemListElement":[{"@type":"ListItem","position":1,"name":"Anasayfa","item":"https:\/\/jungianstudiesistanbul.com\/"},{"@type":"ListItem","position":2,"name":"Ma\u011faza","item":"https:\/\/jungianstudiesistanbul.com\/magaza\/"},{"@type":"ListItem","position":3,"name":"Beden \u0130mgeler: \u00d6zneleraras\u0131 Alanda Soma"}]},{"@type":"WebSite","@id":"https:\/\/jungianstudiesistanbul.com\/#website","url":"https:\/\/jungianstudiesistanbul.com\/","name":"Jungian Studies \u0130stanbul","description":"eBooks, PDF Documents, Workshops","publisher":{"@id":"https:\/\/jungianstudiesistanbul.com\/#organization"},"potentialAction":[{"@type":"SearchAction","target":{"@type":"EntryPoint","urlTemplate":"https:\/\/jungianstudiesistanbul.com\/?s={search_term_string}"},"query-input":{"@type":"PropertyValueSpecification","valueRequired":true,"valueName":"search_term_string"}}],"inLanguage":"en-US"},{"@type":"Organization","@id":"https:\/\/jungianstudiesistanbul.com\/#organization","name":"Jungian Studies \u0130stanbul","url":"https:\/\/jungianstudiesistanbul.com\/","logo":{"@type":"ImageObject","inLanguage":"en-US","@id":"https:\/\/jungianstudiesistanbul.com\/#\/schema\/logo\/image\/","url":"https:\/\/jungianstudiesistanbul.com\/wp-content\/uploads\/2026\/01\/rsw_700cg_truem.png","contentUrl":"https:\/\/jungianstudiesistanbul.com\/wp-content\/uploads\/2026\/01\/rsw_700cg_truem.png","width":700,"height":700,"caption":"Jungian Studies \u0130stanbul"},"image":{"@id":"https:\/\/jungianstudiesistanbul.com\/#\/schema\/logo\/image\/"}}]}},"_links":{"self":[{"href":"https:\/\/jungianstudiesistanbul.com\/en\/wp-json\/wp\/v2\/product\/2686","targetHints":{"allow":["GET"]}}],"collection":[{"href":"https:\/\/jungianstudiesistanbul.com\/en\/wp-json\/wp\/v2\/product"}],"about":[{"href":"https:\/\/jungianstudiesistanbul.com\/en\/wp-json\/wp\/v2\/types\/product"}],"wp:featuredmedia":[{"embeddable":true,"href":"https:\/\/jungianstudiesistanbul.com\/en\/wp-json\/wp\/v2\/media\/2699"}],"wp:attachment":[{"href":"https:\/\/jungianstudiesistanbul.com\/en\/wp-json\/wp\/v2\/media?parent=2686"}],"wp:term":[{"taxonomy":"product_brand","embeddable":true,"href":"https:\/\/jungianstudiesistanbul.com\/en\/wp-json\/wp\/v2\/product_brand?post=2686"},{"taxonomy":"product_cat","embeddable":true,"href":"https:\/\/jungianstudiesistanbul.com\/en\/wp-json\/wp\/v2\/product_cat?post=2686"},{"taxonomy":"product_tag","embeddable":true,"href":"https:\/\/jungianstudiesistanbul.com\/en\/wp-json\/wp\/v2\/product_tag?post=2686"}],"curies":[{"name":"wp","href":"https:\/\/api.w.org\/{rel}","templated":true}]}}