{"id":2507,"date":"2025-08-11T00:27:40","date_gmt":"2025-08-10T21:27:40","guid":{"rendered":"https:\/\/jungianstudiesistanbul.com\/?post_type=product&#038;p=2507"},"modified":"2026-02-23T06:36:58","modified_gmt":"2026-02-23T03:36:58","slug":"carl-g-jung-terimler-sozlugu-en-cok-kullanilan-100-terim","status":"publish","type":"product","link":"https:\/\/jungianstudiesistanbul.com\/en\/product\/carl-g-jung-terimler-sozlugu-en-cok-kullanilan-100-terim\/","title":{"rendered":"Carl G. Jung Glossary of Terms \u2013 (100 most frequently used terms)"},"content":{"rendered":"<p data-start=\"162\" data-end=\"506\">Carl Gustav Jung\u2019un psikoloji d\u00fcnyas\u0131na kazand\u0131rd\u0131\u011f\u0131 temel kavramlar\u0131 ve terimleri i\u00e7eren bu s\u00f6zl\u00fck, Jungian d\u00fc\u015f\u00fcnceye ad\u0131m atmak isteyen herkes i\u00e7in \u00fccretsiz ve kolay eri\u015filebilir bir rehberdir. Arketiplerden g\u00f6lgeye, anima ve animustan kolektif bilin\u00e7d\u0131\u015f\u0131na kadar Jung\u2019un kuram\u0131ndaki \u00f6nemli terimleri sade ve anla\u015f\u0131l\u0131r \u015fekilde bulabilirsiniz.<\/p>","protected":false},"excerpt":{"rendered":"<p>Bu i\u00e7erik, Jungian Studies \u0130stanbul taraf\u0131ndan derlenmi\u015f olup, tamamen \u00fccretsizdir. S\u00f6zl\u00fckteki t\u00fcm metinler telif haklar\u0131 kapsam\u0131nda korunmaktad\u0131r. \u0130zinsiz kopyalanmas\u0131, \u00e7o\u011falt\u0131lmas\u0131 veya ticari ama\u00e7la kullan\u0131lmas\u0131 yasakt\u0131r. Kaynak g\u00f6sterilerek al\u0131nt\u0131 yap\u0131labilir.<\/p>","protected":false},"featured_media":2509,"template":"","meta":[],"product_brand":[],"product_cat":[63],"product_tag":[],"class_list":{"0":"post-2507","1":"product","2":"type-product","3":"status-publish","4":"has-post-thumbnail","6":"product_cat-pdfler","8":"first","9":"instock","10":"downloadable","11":"virtual","12":"purchasable","13":"product-type-simple"},"yoast_head":"<!-- This site is optimized with the Yoast SEO plugin v26.8 - https:\/\/yoast.com\/product\/yoast-seo-wordpress\/ -->\n<title>Carl G. Jung Terimler S\u00f6zl\u00fc\u011f\u00fc - (En \u00e7ok kullan\u0131lan 100 terim) - Jungian Studies \u0130stanbul<\/title>\n<meta name=\"robots\" content=\"index, follow, max-snippet:-1, max-image-preview:large, max-video-preview:-1\" \/>\n<link rel=\"canonical\" href=\"https:\/\/jungianstudiesistanbul.com\/en\/product\/carl-g-jung-terimler-sozlugu-en-cok-kullanilan-100-terim\/\" \/>\n<meta property=\"og:locale\" content=\"en_US\" \/>\n<meta property=\"og:type\" content=\"article\" \/>\n<meta property=\"og:title\" content=\"Carl G. Jung Terimler S\u00f6zl\u00fc\u011f\u00fc - (En \u00e7ok kullan\u0131lan 100 terim) - Jungian Studies \u0130stanbul\" \/>\n<meta property=\"og:description\" content=\"Bu i\u00e7erik, Jungian Studies \u0130stanbul taraf\u0131ndan derlenmi\u015f olup, tamamen \u00fccretsizdir. S\u00f6zl\u00fckteki t\u00fcm metinler telif haklar\u0131 kapsam\u0131nda korunmaktad\u0131r. \u0130zinsiz kopyalanmas\u0131, \u00e7o\u011falt\u0131lmas\u0131 veya ticari ama\u00e7la kullan\u0131lmas\u0131 yasakt\u0131r. Kaynak g\u00f6sterilerek al\u0131nt\u0131 yap\u0131labilir.\" \/>\n<meta property=\"og:url\" content=\"https:\/\/jungianstudiesistanbul.com\/en\/product\/carl-g-jung-terimler-sozlugu-en-cok-kullanilan-100-terim\/\" \/>\n<meta property=\"og:site_name\" content=\"Jungian Studies \u0130stanbul\" \/>\n<meta property=\"article:modified_time\" content=\"2026-02-23T03:36:58+00:00\" \/>\n<meta property=\"og:image\" content=\"https:\/\/jungianstudiesistanbul.com\/wp-content\/uploads\/2025\/08\/urunsozluk.png\" \/>\n\t<meta property=\"og:image:width\" content=\"500\" \/>\n\t<meta property=\"og:image:height\" content=\"500\" \/>\n\t<meta property=\"og:image:type\" content=\"image\/png\" \/>\n<meta name=\"twitter:card\" content=\"summary_large_image\" \/>\n<meta name=\"twitter:label1\" content=\"Est. reading time\" \/>\n\t<meta name=\"twitter:data1\" content=\"1 minute\" \/>\n<script type=\"application\/ld+json\" class=\"yoast-schema-graph\">{\"@context\":\"https:\/\/schema.org\",\"@graph\":[{\"@type\":\"WebPage\",\"@id\":\"https:\/\/jungianstudiesistanbul.com\/product\/carl-g-jung-terimler-sozlugu-en-cok-kullanilan-100-terim\/\",\"url\":\"https:\/\/jungianstudiesistanbul.com\/product\/carl-g-jung-terimler-sozlugu-en-cok-kullanilan-100-terim\/\",\"name\":\"Carl G. Jung Terimler S\u00f6zl\u00fc\u011f\u00fc - (En \u00e7ok kullan\u0131lan 100 terim) - Jungian Studies \u0130stanbul\",\"isPartOf\":{\"@id\":\"https:\/\/jungianstudiesistanbul.com\/#website\"},\"primaryImageOfPage\":{\"@id\":\"https:\/\/jungianstudiesistanbul.com\/product\/carl-g-jung-terimler-sozlugu-en-cok-kullanilan-100-terim\/#primaryimage\"},\"image\":{\"@id\":\"https:\/\/jungianstudiesistanbul.com\/product\/carl-g-jung-terimler-sozlugu-en-cok-kullanilan-100-terim\/#primaryimage\"},\"thumbnailUrl\":\"https:\/\/jungianstudiesistanbul.com\/wp-content\/uploads\/2025\/08\/urunsozluk.png\",\"datePublished\":\"2025-08-10T21:27:40+00:00\",\"dateModified\":\"2026-02-23T03:36:58+00:00\",\"breadcrumb\":{\"@id\":\"https:\/\/jungianstudiesistanbul.com\/product\/carl-g-jung-terimler-sozlugu-en-cok-kullanilan-100-terim\/#breadcrumb\"},\"inLanguage\":\"en-US\",\"potentialAction\":[{\"@type\":\"ReadAction\",\"target\":[\"https:\/\/jungianstudiesistanbul.com\/product\/carl-g-jung-terimler-sozlugu-en-cok-kullanilan-100-terim\/\"]}]},{\"@type\":\"ImageObject\",\"inLanguage\":\"en-US\",\"@id\":\"https:\/\/jungianstudiesistanbul.com\/product\/carl-g-jung-terimler-sozlugu-en-cok-kullanilan-100-terim\/#primaryimage\",\"url\":\"https:\/\/jungianstudiesistanbul.com\/wp-content\/uploads\/2025\/08\/urunsozluk.png\",\"contentUrl\":\"https:\/\/jungianstudiesistanbul.com\/wp-content\/uploads\/2025\/08\/urunsozluk.png\",\"width\":500,\"height\":500},{\"@type\":\"BreadcrumbList\",\"@id\":\"https:\/\/jungianstudiesistanbul.com\/product\/carl-g-jung-terimler-sozlugu-en-cok-kullanilan-100-terim\/#breadcrumb\",\"itemListElement\":[{\"@type\":\"ListItem\",\"position\":1,\"name\":\"Anasayfa\",\"item\":\"https:\/\/jungianstudiesistanbul.com\/\"},{\"@type\":\"ListItem\",\"position\":2,\"name\":\"Ma\u011faza\",\"item\":\"https:\/\/jungianstudiesistanbul.com\/magaza\/\"},{\"@type\":\"ListItem\",\"position\":3,\"name\":\"Carl G. Jung Terimler S\u00f6zl\u00fc\u011f\u00fc &#8211; (En \u00e7ok kullan\u0131lan 100 terim)\"}]},{\"@type\":\"WebSite\",\"@id\":\"https:\/\/jungianstudiesistanbul.com\/#website\",\"url\":\"https:\/\/jungianstudiesistanbul.com\/\",\"name\":\"Jungian Studies \u0130stanbul\",\"description\":\"e-Kitaplar, PDF D\u00f6k\u00fcmanlar, At\u00f6lyeler ve G\u00fcncel \u0130\u00e7erikler\",\"publisher\":{\"@id\":\"https:\/\/jungianstudiesistanbul.com\/#organization\"},\"potentialAction\":[{\"@type\":\"SearchAction\",\"target\":{\"@type\":\"EntryPoint\",\"urlTemplate\":\"https:\/\/jungianstudiesistanbul.com\/?s={search_term_string}\"},\"query-input\":{\"@type\":\"PropertyValueSpecification\",\"valueRequired\":true,\"valueName\":\"search_term_string\"}}],\"inLanguage\":\"en-US\"},{\"@type\":\"Organization\",\"@id\":\"https:\/\/jungianstudiesistanbul.com\/#organization\",\"name\":\"Jungian Studies \u0130stanbul\",\"url\":\"https:\/\/jungianstudiesistanbul.com\/\",\"logo\":{\"@type\":\"ImageObject\",\"inLanguage\":\"en-US\",\"@id\":\"https:\/\/jungianstudiesistanbul.com\/#\/schema\/logo\/image\/\",\"url\":\"https:\/\/jungianstudiesistanbul.com\/wp-content\/uploads\/2026\/01\/rsw_700cg_truem.png\",\"contentUrl\":\"https:\/\/jungianstudiesistanbul.com\/wp-content\/uploads\/2026\/01\/rsw_700cg_truem.png\",\"width\":700,\"height\":700,\"caption\":\"Jungian Studies \u0130stanbul\"},\"image\":{\"@id\":\"https:\/\/jungianstudiesistanbul.com\/#\/schema\/logo\/image\/\"}}]}<\/script>\n<!-- \/ Yoast SEO plugin. -->","yoast_head_json":{"title":"Carl G. Jung Terimler S\u00f6zl\u00fc\u011f\u00fc - (En \u00e7ok kullan\u0131lan 100 terim) - Jungian Studies \u0130stanbul","robots":{"index":"index","follow":"follow","max-snippet":"max-snippet:-1","max-image-preview":"max-image-preview:large","max-video-preview":"max-video-preview:-1"},"canonical":"https:\/\/jungianstudiesistanbul.com\/en\/product\/carl-g-jung-terimler-sozlugu-en-cok-kullanilan-100-terim\/","og_locale":"en_US","og_type":"article","og_title":"Carl G. Jung Terimler S\u00f6zl\u00fc\u011f\u00fc - (En \u00e7ok kullan\u0131lan 100 terim) - Jungian Studies \u0130stanbul","og_description":"Bu i\u00e7erik, Jungian Studies \u0130stanbul taraf\u0131ndan derlenmi\u015f olup, tamamen \u00fccretsizdir. S\u00f6zl\u00fckteki t\u00fcm metinler telif haklar\u0131 kapsam\u0131nda korunmaktad\u0131r. \u0130zinsiz kopyalanmas\u0131, \u00e7o\u011falt\u0131lmas\u0131 veya ticari ama\u00e7la kullan\u0131lmas\u0131 yasakt\u0131r. Kaynak g\u00f6sterilerek al\u0131nt\u0131 yap\u0131labilir.","og_url":"https:\/\/jungianstudiesistanbul.com\/en\/product\/carl-g-jung-terimler-sozlugu-en-cok-kullanilan-100-terim\/","og_site_name":"Jungian Studies \u0130stanbul","article_modified_time":"2026-02-23T03:36:58+00:00","og_image":[{"width":500,"height":500,"url":"https:\/\/jungianstudiesistanbul.com\/wp-content\/uploads\/2025\/08\/urunsozluk.png","type":"image\/png"}],"twitter_card":"summary_large_image","twitter_misc":{"Est. reading time":"1 minute"},"schema":{"@context":"https:\/\/schema.org","@graph":[{"@type":"WebPage","@id":"https:\/\/jungianstudiesistanbul.com\/product\/carl-g-jung-terimler-sozlugu-en-cok-kullanilan-100-terim\/","url":"https:\/\/jungianstudiesistanbul.com\/product\/carl-g-jung-terimler-sozlugu-en-cok-kullanilan-100-terim\/","name":"Carl G. Jung Terimler S\u00f6zl\u00fc\u011f\u00fc - (En \u00e7ok kullan\u0131lan 100 terim) - Jungian Studies \u0130stanbul","isPartOf":{"@id":"https:\/\/jungianstudiesistanbul.com\/#website"},"primaryImageOfPage":{"@id":"https:\/\/jungianstudiesistanbul.com\/product\/carl-g-jung-terimler-sozlugu-en-cok-kullanilan-100-terim\/#primaryimage"},"image":{"@id":"https:\/\/jungianstudiesistanbul.com\/product\/carl-g-jung-terimler-sozlugu-en-cok-kullanilan-100-terim\/#primaryimage"},"thumbnailUrl":"https:\/\/jungianstudiesistanbul.com\/wp-content\/uploads\/2025\/08\/urunsozluk.png","datePublished":"2025-08-10T21:27:40+00:00","dateModified":"2026-02-23T03:36:58+00:00","breadcrumb":{"@id":"https:\/\/jungianstudiesistanbul.com\/product\/carl-g-jung-terimler-sozlugu-en-cok-kullanilan-100-terim\/#breadcrumb"},"inLanguage":"en-US","potentialAction":[{"@type":"ReadAction","target":["https:\/\/jungianstudiesistanbul.com\/product\/carl-g-jung-terimler-sozlugu-en-cok-kullanilan-100-terim\/"]}]},{"@type":"ImageObject","inLanguage":"en-US","@id":"https:\/\/jungianstudiesistanbul.com\/product\/carl-g-jung-terimler-sozlugu-en-cok-kullanilan-100-terim\/#primaryimage","url":"https:\/\/jungianstudiesistanbul.com\/wp-content\/uploads\/2025\/08\/urunsozluk.png","contentUrl":"https:\/\/jungianstudiesistanbul.com\/wp-content\/uploads\/2025\/08\/urunsozluk.png","width":500,"height":500},{"@type":"BreadcrumbList","@id":"https:\/\/jungianstudiesistanbul.com\/product\/carl-g-jung-terimler-sozlugu-en-cok-kullanilan-100-terim\/#breadcrumb","itemListElement":[{"@type":"ListItem","position":1,"name":"Anasayfa","item":"https:\/\/jungianstudiesistanbul.com\/"},{"@type":"ListItem","position":2,"name":"Ma\u011faza","item":"https:\/\/jungianstudiesistanbul.com\/magaza\/"},{"@type":"ListItem","position":3,"name":"Carl G. Jung Terimler S\u00f6zl\u00fc\u011f\u00fc &#8211; (En \u00e7ok kullan\u0131lan 100 terim)"}]},{"@type":"WebSite","@id":"https:\/\/jungianstudiesistanbul.com\/#website","url":"https:\/\/jungianstudiesistanbul.com\/","name":"Jungian Studies \u0130stanbul","description":"eBooks, PDF Documents, Workshops","publisher":{"@id":"https:\/\/jungianstudiesistanbul.com\/#organization"},"potentialAction":[{"@type":"SearchAction","target":{"@type":"EntryPoint","urlTemplate":"https:\/\/jungianstudiesistanbul.com\/?s={search_term_string}"},"query-input":{"@type":"PropertyValueSpecification","valueRequired":true,"valueName":"search_term_string"}}],"inLanguage":"en-US"},{"@type":"Organization","@id":"https:\/\/jungianstudiesistanbul.com\/#organization","name":"Jungian Studies \u0130stanbul","url":"https:\/\/jungianstudiesistanbul.com\/","logo":{"@type":"ImageObject","inLanguage":"en-US","@id":"https:\/\/jungianstudiesistanbul.com\/#\/schema\/logo\/image\/","url":"https:\/\/jungianstudiesistanbul.com\/wp-content\/uploads\/2026\/01\/rsw_700cg_truem.png","contentUrl":"https:\/\/jungianstudiesistanbul.com\/wp-content\/uploads\/2026\/01\/rsw_700cg_truem.png","width":700,"height":700,"caption":"Jungian Studies \u0130stanbul"},"image":{"@id":"https:\/\/jungianstudiesistanbul.com\/#\/schema\/logo\/image\/"}}]}},"_links":{"self":[{"href":"https:\/\/jungianstudiesistanbul.com\/en\/wp-json\/wp\/v2\/product\/2507","targetHints":{"allow":["GET"]}}],"collection":[{"href":"https:\/\/jungianstudiesistanbul.com\/en\/wp-json\/wp\/v2\/product"}],"about":[{"href":"https:\/\/jungianstudiesistanbul.com\/en\/wp-json\/wp\/v2\/types\/product"}],"wp:featuredmedia":[{"embeddable":true,"href":"https:\/\/jungianstudiesistanbul.com\/en\/wp-json\/wp\/v2\/media\/2509"}],"wp:attachment":[{"href":"https:\/\/jungianstudiesistanbul.com\/en\/wp-json\/wp\/v2\/media?parent=2507"}],"wp:term":[{"taxonomy":"product_brand","embeddable":true,"href":"https:\/\/jungianstudiesistanbul.com\/en\/wp-json\/wp\/v2\/product_brand?post=2507"},{"taxonomy":"product_cat","embeddable":true,"href":"https:\/\/jungianstudiesistanbul.com\/en\/wp-json\/wp\/v2\/product_cat?post=2507"},{"taxonomy":"product_tag","embeddable":true,"href":"https:\/\/jungianstudiesistanbul.com\/en\/wp-json\/wp\/v2\/product_tag?post=2507"}],"curies":[{"name":"wp","href":"https:\/\/api.w.org\/{rel}","templated":true}]}}