{"id":2446,"date":"2025-03-24T23:57:41","date_gmt":"2025-03-24T20:57:41","guid":{"rendered":"https:\/\/jungianstudiesistanbul.com\/?post_type=product&#038;p=2446"},"modified":"2026-02-23T06:39:11","modified_gmt":"2026-02-23T03:39:11","slug":"jungiyen-somatike-giris-on-canli-yayini","status":"publish","type":"product","link":"https:\/\/jungianstudiesistanbul.com\/en\/product\/jungiyen-somatike-giris-on-canli-yayini\/","title":{"rendered":"Introduction to Jungian Somatics Preliminary Live Broadcast"},"content":{"rendered":"<p class=\"\" data-start=\"170\" data-end=\"411\">Bu yay\u0131nda:<br data-start=\"181\" data-end=\"184\" \/>\u2714 Jungiyen derinlik psikolojisi ve beden \u00e7al\u0131\u015fmas\u0131n\u0131n kesi\u015fim noktalar\u0131n\u0131,<br data-start=\"258\" data-end=\"261\" \/>\u2714 Bedenin bilgeli\u011finin neden tek ba\u015f\u0131na yeterli olmayabilece\u011fini,<br data-start=\"326\" data-end=\"329\" \/>\u2714 Somatik fark\u0131ndal\u0131k ve psikanalitik prati\u011fin nas\u0131l birle\u015febilece\u011fini konu\u015ftuk.<\/p>\n<p class=\"\" data-start=\"413\" data-end=\"438\">\ud83d\udccc <strong data-start=\"416\" data-end=\"436\">Kay\u0131t Detaylar\u0131:<\/strong><\/p>\n<ul data-start=\"439\" data-end=\"650\">\n<li class=\"\" data-start=\"439\" data-end=\"535\">\n<p class=\"\" data-start=\"441\" data-end=\"535\">Canl\u0131 yay\u0131n kayd\u0131, <strong data-start=\"460\" data-end=\"488\">Jungian Studies \u0130stanbul<\/strong> web sitesinde \u00fccretsiz olarak yer alacakt\u0131r.<\/p>\n<\/li>\n<li class=\"\" data-start=\"536\" data-end=\"580\">\n<p class=\"\" data-start=\"538\" data-end=\"580\">T\u00fcrk\u00e7e \u00e7eviri ile birlikte sunulacakt\u0131r.<\/p>\n<\/li>\n<\/ul>","protected":false},"excerpt":{"rendered":"<p>Jungiyen Somatik&#8217;e Giri\u015f ile tan\u0131\u015faca\u011f\u0131m\u0131z <strong data-start=\"100\" data-end=\"166\">\u00f6n canl\u0131 yay\u0131n\u0131n kayd\u0131n\u0131 \u00fccretsiz olarak eri\u015fiminize a\u00e7\u0131yoruz.<\/strong><\/p>","protected":false},"featured_media":2447,"template":"","meta":[],"product_brand":[],"product_cat":[92],"product_tag":[],"class_list":{"0":"post-2446","1":"product","2":"type-product","3":"status-publish","4":"has-post-thumbnail","6":"product_cat-canli-yayinlar","8":"first","9":"instock","10":"downloadable","11":"virtual","12":"purchasable","13":"product-type-simple"},"yoast_head":"<!-- This site is optimized with the Yoast SEO plugin v26.8 - https:\/\/yoast.com\/product\/yoast-seo-wordpress\/ -->\n<title>Jungiyen Somatik&#039;e Giri\u015f \u00d6n Canl\u0131 Yay\u0131n\u0131 - Jungian Studies \u0130stanbul<\/title>\n<meta name=\"robots\" content=\"index, follow, max-snippet:-1, max-image-preview:large, max-video-preview:-1\" \/>\n<link rel=\"canonical\" href=\"https:\/\/jungianstudiesistanbul.com\/en\/product\/jungiyen-somatike-giris-on-canli-yayini\/\" \/>\n<meta property=\"og:locale\" content=\"en_US\" \/>\n<meta property=\"og:type\" content=\"article\" \/>\n<meta property=\"og:title\" content=\"Jungiyen Somatik&#039;e Giri\u015f \u00d6n Canl\u0131 Yay\u0131n\u0131 - Jungian Studies \u0130stanbul\" \/>\n<meta property=\"og:description\" content=\"Jungiyen Somatik&#039;e Giri\u015f ile tan\u0131\u015faca\u011f\u0131m\u0131z \u00f6n canl\u0131 yay\u0131n\u0131n kayd\u0131n\u0131 \u00fccretsiz olarak eri\u015fiminize a\u00e7\u0131yoruz.\" \/>\n<meta property=\"og:url\" content=\"https:\/\/jungianstudiesistanbul.com\/en\/product\/jungiyen-somatike-giris-on-canli-yayini\/\" \/>\n<meta property=\"og:site_name\" content=\"Jungian Studies \u0130stanbul\" \/>\n<meta property=\"article:modified_time\" content=\"2026-02-23T03:39:11+00:00\" \/>\n<meta property=\"og:image\" content=\"https:\/\/jungianstudiesistanbul.com\/wp-content\/uploads\/2025\/03\/yayin2.png\" \/>\n\t<meta property=\"og:image:width\" content=\"500\" \/>\n\t<meta property=\"og:image:height\" content=\"500\" \/>\n\t<meta property=\"og:image:type\" content=\"image\/png\" \/>\n<meta name=\"twitter:card\" content=\"summary_large_image\" \/>\n<meta name=\"twitter:label1\" content=\"Est. reading time\" \/>\n\t<meta name=\"twitter:data1\" content=\"1 minute\" \/>\n<script type=\"application\/ld+json\" class=\"yoast-schema-graph\">{\"@context\":\"https:\/\/schema.org\",\"@graph\":[{\"@type\":\"WebPage\",\"@id\":\"https:\/\/jungianstudiesistanbul.com\/product\/jungiyen-somatike-giris-on-canli-yayini\/\",\"url\":\"https:\/\/jungianstudiesistanbul.com\/product\/jungiyen-somatike-giris-on-canli-yayini\/\",\"name\":\"Jungiyen Somatik'e Giri\u015f \u00d6n Canl\u0131 Yay\u0131n\u0131 - Jungian Studies \u0130stanbul\",\"isPartOf\":{\"@id\":\"https:\/\/jungianstudiesistanbul.com\/#website\"},\"primaryImageOfPage\":{\"@id\":\"https:\/\/jungianstudiesistanbul.com\/product\/jungiyen-somatike-giris-on-canli-yayini\/#primaryimage\"},\"image\":{\"@id\":\"https:\/\/jungianstudiesistanbul.com\/product\/jungiyen-somatike-giris-on-canli-yayini\/#primaryimage\"},\"thumbnailUrl\":\"https:\/\/jungianstudiesistanbul.com\/wp-content\/uploads\/2025\/03\/yayin2.png\",\"datePublished\":\"2025-03-24T20:57:41+00:00\",\"dateModified\":\"2026-02-23T03:39:11+00:00\",\"breadcrumb\":{\"@id\":\"https:\/\/jungianstudiesistanbul.com\/product\/jungiyen-somatike-giris-on-canli-yayini\/#breadcrumb\"},\"inLanguage\":\"en-US\",\"potentialAction\":[{\"@type\":\"ReadAction\",\"target\":[\"https:\/\/jungianstudiesistanbul.com\/product\/jungiyen-somatike-giris-on-canli-yayini\/\"]}]},{\"@type\":\"ImageObject\",\"inLanguage\":\"en-US\",\"@id\":\"https:\/\/jungianstudiesistanbul.com\/product\/jungiyen-somatike-giris-on-canli-yayini\/#primaryimage\",\"url\":\"https:\/\/jungianstudiesistanbul.com\/wp-content\/uploads\/2025\/03\/yayin2.png\",\"contentUrl\":\"https:\/\/jungianstudiesistanbul.com\/wp-content\/uploads\/2025\/03\/yayin2.png\",\"width\":500,\"height\":500},{\"@type\":\"BreadcrumbList\",\"@id\":\"https:\/\/jungianstudiesistanbul.com\/product\/jungiyen-somatike-giris-on-canli-yayini\/#breadcrumb\",\"itemListElement\":[{\"@type\":\"ListItem\",\"position\":1,\"name\":\"Anasayfa\",\"item\":\"https:\/\/jungianstudiesistanbul.com\/\"},{\"@type\":\"ListItem\",\"position\":2,\"name\":\"Ma\u011faza\",\"item\":\"https:\/\/jungianstudiesistanbul.com\/magaza\/\"},{\"@type\":\"ListItem\",\"position\":3,\"name\":\"Jungiyen Somatik&#8217;e Giri\u015f \u00d6n Canl\u0131 Yay\u0131n\u0131\"}]},{\"@type\":\"WebSite\",\"@id\":\"https:\/\/jungianstudiesistanbul.com\/#website\",\"url\":\"https:\/\/jungianstudiesistanbul.com\/\",\"name\":\"Jungian Studies \u0130stanbul\",\"description\":\"e-Kitaplar, PDF D\u00f6k\u00fcmanlar, At\u00f6lyeler ve G\u00fcncel \u0130\u00e7erikler\",\"publisher\":{\"@id\":\"https:\/\/jungianstudiesistanbul.com\/#organization\"},\"potentialAction\":[{\"@type\":\"SearchAction\",\"target\":{\"@type\":\"EntryPoint\",\"urlTemplate\":\"https:\/\/jungianstudiesistanbul.com\/?s={search_term_string}\"},\"query-input\":{\"@type\":\"PropertyValueSpecification\",\"valueRequired\":true,\"valueName\":\"search_term_string\"}}],\"inLanguage\":\"en-US\"},{\"@type\":\"Organization\",\"@id\":\"https:\/\/jungianstudiesistanbul.com\/#organization\",\"name\":\"Jungian Studies \u0130stanbul\",\"url\":\"https:\/\/jungianstudiesistanbul.com\/\",\"logo\":{\"@type\":\"ImageObject\",\"inLanguage\":\"en-US\",\"@id\":\"https:\/\/jungianstudiesistanbul.com\/#\/schema\/logo\/image\/\",\"url\":\"https:\/\/jungianstudiesistanbul.com\/wp-content\/uploads\/2026\/01\/rsw_700cg_truem.png\",\"contentUrl\":\"https:\/\/jungianstudiesistanbul.com\/wp-content\/uploads\/2026\/01\/rsw_700cg_truem.png\",\"width\":700,\"height\":700,\"caption\":\"Jungian Studies \u0130stanbul\"},\"image\":{\"@id\":\"https:\/\/jungianstudiesistanbul.com\/#\/schema\/logo\/image\/\"}}]}<\/script>\n<!-- \/ Yoast SEO plugin. -->","yoast_head_json":{"title":"Jungiyen Somatik'e Giri\u015f \u00d6n Canl\u0131 Yay\u0131n\u0131 - Jungian Studies \u0130stanbul","robots":{"index":"index","follow":"follow","max-snippet":"max-snippet:-1","max-image-preview":"max-image-preview:large","max-video-preview":"max-video-preview:-1"},"canonical":"https:\/\/jungianstudiesistanbul.com\/en\/product\/jungiyen-somatike-giris-on-canli-yayini\/","og_locale":"en_US","og_type":"article","og_title":"Jungiyen Somatik'e Giri\u015f \u00d6n Canl\u0131 Yay\u0131n\u0131 - Jungian Studies \u0130stanbul","og_description":"Jungiyen Somatik'e Giri\u015f ile tan\u0131\u015faca\u011f\u0131m\u0131z \u00f6n canl\u0131 yay\u0131n\u0131n kayd\u0131n\u0131 \u00fccretsiz olarak eri\u015fiminize a\u00e7\u0131yoruz.","og_url":"https:\/\/jungianstudiesistanbul.com\/en\/product\/jungiyen-somatike-giris-on-canli-yayini\/","og_site_name":"Jungian Studies \u0130stanbul","article_modified_time":"2026-02-23T03:39:11+00:00","og_image":[{"width":500,"height":500,"url":"https:\/\/jungianstudiesistanbul.com\/wp-content\/uploads\/2025\/03\/yayin2.png","type":"image\/png"}],"twitter_card":"summary_large_image","twitter_misc":{"Est. reading time":"1 minute"},"schema":{"@context":"https:\/\/schema.org","@graph":[{"@type":"WebPage","@id":"https:\/\/jungianstudiesistanbul.com\/product\/jungiyen-somatike-giris-on-canli-yayini\/","url":"https:\/\/jungianstudiesistanbul.com\/product\/jungiyen-somatike-giris-on-canli-yayini\/","name":"Jungiyen Somatik'e Giri\u015f \u00d6n Canl\u0131 Yay\u0131n\u0131 - Jungian Studies \u0130stanbul","isPartOf":{"@id":"https:\/\/jungianstudiesistanbul.com\/#website"},"primaryImageOfPage":{"@id":"https:\/\/jungianstudiesistanbul.com\/product\/jungiyen-somatike-giris-on-canli-yayini\/#primaryimage"},"image":{"@id":"https:\/\/jungianstudiesistanbul.com\/product\/jungiyen-somatike-giris-on-canli-yayini\/#primaryimage"},"thumbnailUrl":"https:\/\/jungianstudiesistanbul.com\/wp-content\/uploads\/2025\/03\/yayin2.png","datePublished":"2025-03-24T20:57:41+00:00","dateModified":"2026-02-23T03:39:11+00:00","breadcrumb":{"@id":"https:\/\/jungianstudiesistanbul.com\/product\/jungiyen-somatike-giris-on-canli-yayini\/#breadcrumb"},"inLanguage":"en-US","potentialAction":[{"@type":"ReadAction","target":["https:\/\/jungianstudiesistanbul.com\/product\/jungiyen-somatike-giris-on-canli-yayini\/"]}]},{"@type":"ImageObject","inLanguage":"en-US","@id":"https:\/\/jungianstudiesistanbul.com\/product\/jungiyen-somatike-giris-on-canli-yayini\/#primaryimage","url":"https:\/\/jungianstudiesistanbul.com\/wp-content\/uploads\/2025\/03\/yayin2.png","contentUrl":"https:\/\/jungianstudiesistanbul.com\/wp-content\/uploads\/2025\/03\/yayin2.png","width":500,"height":500},{"@type":"BreadcrumbList","@id":"https:\/\/jungianstudiesistanbul.com\/product\/jungiyen-somatike-giris-on-canli-yayini\/#breadcrumb","itemListElement":[{"@type":"ListItem","position":1,"name":"Anasayfa","item":"https:\/\/jungianstudiesistanbul.com\/"},{"@type":"ListItem","position":2,"name":"Ma\u011faza","item":"https:\/\/jungianstudiesistanbul.com\/magaza\/"},{"@type":"ListItem","position":3,"name":"Jungiyen Somatik&#8217;e Giri\u015f \u00d6n Canl\u0131 Yay\u0131n\u0131"}]},{"@type":"WebSite","@id":"https:\/\/jungianstudiesistanbul.com\/#website","url":"https:\/\/jungianstudiesistanbul.com\/","name":"Jungian Studies \u0130stanbul","description":"eBooks, PDF Documents, Workshops","publisher":{"@id":"https:\/\/jungianstudiesistanbul.com\/#organization"},"potentialAction":[{"@type":"SearchAction","target":{"@type":"EntryPoint","urlTemplate":"https:\/\/jungianstudiesistanbul.com\/?s={search_term_string}"},"query-input":{"@type":"PropertyValueSpecification","valueRequired":true,"valueName":"search_term_string"}}],"inLanguage":"en-US"},{"@type":"Organization","@id":"https:\/\/jungianstudiesistanbul.com\/#organization","name":"Jungian Studies \u0130stanbul","url":"https:\/\/jungianstudiesistanbul.com\/","logo":{"@type":"ImageObject","inLanguage":"en-US","@id":"https:\/\/jungianstudiesistanbul.com\/#\/schema\/logo\/image\/","url":"https:\/\/jungianstudiesistanbul.com\/wp-content\/uploads\/2026\/01\/rsw_700cg_truem.png","contentUrl":"https:\/\/jungianstudiesistanbul.com\/wp-content\/uploads\/2026\/01\/rsw_700cg_truem.png","width":700,"height":700,"caption":"Jungian Studies \u0130stanbul"},"image":{"@id":"https:\/\/jungianstudiesistanbul.com\/#\/schema\/logo\/image\/"}}]}},"_links":{"self":[{"href":"https:\/\/jungianstudiesistanbul.com\/en\/wp-json\/wp\/v2\/product\/2446","targetHints":{"allow":["GET"]}}],"collection":[{"href":"https:\/\/jungianstudiesistanbul.com\/en\/wp-json\/wp\/v2\/product"}],"about":[{"href":"https:\/\/jungianstudiesistanbul.com\/en\/wp-json\/wp\/v2\/types\/product"}],"wp:featuredmedia":[{"embeddable":true,"href":"https:\/\/jungianstudiesistanbul.com\/en\/wp-json\/wp\/v2\/media\/2447"}],"wp:attachment":[{"href":"https:\/\/jungianstudiesistanbul.com\/en\/wp-json\/wp\/v2\/media?parent=2446"}],"wp:term":[{"taxonomy":"product_brand","embeddable":true,"href":"https:\/\/jungianstudiesistanbul.com\/en\/wp-json\/wp\/v2\/product_brand?post=2446"},{"taxonomy":"product_cat","embeddable":true,"href":"https:\/\/jungianstudiesistanbul.com\/en\/wp-json\/wp\/v2\/product_cat?post=2446"},{"taxonomy":"product_tag","embeddable":true,"href":"https:\/\/jungianstudiesistanbul.com\/en\/wp-json\/wp\/v2\/product_tag?post=2446"}],"curies":[{"name":"wp","href":"https:\/\/api.w.org\/{rel}","templated":true}]}}