{"id":2443,"date":"2025-03-24T23:35:19","date_gmt":"2025-03-24T20:35:19","guid":{"rendered":"https:\/\/jungianstudiesistanbul.com\/?post_type=product&#038;p=2443"},"modified":"2026-02-23T06:38:31","modified_gmt":"2026-02-23T03:38:31","slug":"somatik-simya-travmada-mit-ve-bedenle-calismak-on-canli-yayini","status":"publish","type":"product","link":"https:\/\/jungianstudiesistanbul.com\/en\/product\/somatik-simya-travmada-mit-ve-bedenle-calismak-on-canli-yayini\/","title":{"rendered":"Somatic Alchemy: Working with Myth and the Body in Trauma - Preliminary Live Broadcast"},"content":{"rendered":"<p class=\"\" data-start=\"354\" data-end=\"379\">\ud83d\udccc <strong data-start=\"357\" data-end=\"377\">Kay\u0131t Detaylar\u0131:<\/strong><\/p>\n<ul data-start=\"380\" data-end=\"598\">\n<li class=\"\" data-start=\"380\" data-end=\"476\">\n<p class=\"\" data-start=\"382\" data-end=\"476\">Canl\u0131 yay\u0131n kayd\u0131,<\/p>\n<\/li>\n<li class=\"\" data-start=\"380\" data-end=\"476\">\n<p class=\"\" data-start=\"382\" data-end=\"476\">T\u00fcrk\u00e7e \u00e7eviri.<\/p>\n<\/li>\n<\/ul>","protected":false},"excerpt":{"rendered":"<p class=\"\" data-start=\"0\" data-end=\"76\"><strong data-start=\"0\" data-end=\"74\">Somatik Simya: Travmada Mit ve Bedenle \u00c7al\u0131\u015fmak \u2013 \u00d6n Canl\u0131 Yay\u0131n Kayd\u0131<\/strong><\/p>\n<p class=\"\" data-start=\"78\" data-end=\"237\">Jane Clapp ve Berin Orhan\u2019\u0131n 24 May\u0131s\u2019ta ger\u00e7ekle\u015ftirece\u011fi etkinlik \u00f6ncesinde yap\u0131lan Instagram canl\u0131 yay\u0131n\u0131n\u0131n kayd\u0131n\u0131 \u00fccretsiz olarak eri\u015fiminize a\u00e7\u0131yoruz!<\/p>\n<p class=\"\" data-start=\"239\" data-end=\"352\">Bu yay\u0131nda etkinli\u011fin i\u00e7eri\u011fi, e\u011fitim takvimi ve travma ile bedensel \u00e7al\u0131\u015fma \u00fczerine \u00f6nemli bilgiler konu\u015fuldu.<\/p>","protected":false},"featured_media":2444,"template":"","meta":[],"product_brand":[],"product_cat":[92],"product_tag":[],"class_list":{"0":"post-2443","1":"product","2":"type-product","3":"status-publish","4":"has-post-thumbnail","6":"product_cat-canli-yayinlar","8":"first","9":"instock","10":"downloadable","11":"virtual","12":"purchasable","13":"product-type-simple"},"yoast_head":"<!-- This site is optimized with the Yoast SEO plugin v26.8 - https:\/\/yoast.com\/product\/yoast-seo-wordpress\/ -->\n<title>Somatik Simya: Travmada Mit ve Bedenle \u00c7al\u0131\u015fmak \u00d6n Canl\u0131 Yay\u0131n\u0131 - Jungian Studies \u0130stanbul<\/title>\n<meta name=\"robots\" content=\"index, follow, max-snippet:-1, max-image-preview:large, max-video-preview:-1\" \/>\n<link rel=\"canonical\" href=\"https:\/\/jungianstudiesistanbul.com\/en\/product\/somatik-simya-travmada-mit-ve-bedenle-calismak-on-canli-yayini\/\" \/>\n<meta property=\"og:locale\" content=\"en_US\" \/>\n<meta property=\"og:type\" content=\"article\" \/>\n<meta property=\"og:title\" content=\"Somatik Simya: Travmada Mit ve Bedenle \u00c7al\u0131\u015fmak \u00d6n Canl\u0131 Yay\u0131n\u0131 - Jungian Studies \u0130stanbul\" \/>\n<meta property=\"og:description\" content=\"Somatik Simya: Travmada Mit ve Bedenle \u00c7al\u0131\u015fmak \u2013 \u00d6n Canl\u0131 Yay\u0131n Kayd\u0131 Jane Clapp ve Berin Orhan\u2019\u0131n 24 May\u0131s\u2019ta ger\u00e7ekle\u015ftirece\u011fi etkinlik \u00f6ncesinde yap\u0131lan Instagram canl\u0131 yay\u0131n\u0131n\u0131n kayd\u0131n\u0131 \u00fccretsiz olarak eri\u015fiminize a\u00e7\u0131yoruz! Bu yay\u0131nda etkinli\u011fin i\u00e7eri\u011fi, e\u011fitim takvimi ve travma ile bedensel \u00e7al\u0131\u015fma \u00fczerine \u00f6nemli bilgiler konu\u015fuldu.\" \/>\n<meta property=\"og:url\" content=\"https:\/\/jungianstudiesistanbul.com\/en\/product\/somatik-simya-travmada-mit-ve-bedenle-calismak-on-canli-yayini\/\" \/>\n<meta property=\"og:site_name\" content=\"Jungian Studies \u0130stanbul\" \/>\n<meta property=\"article:modified_time\" content=\"2026-02-23T03:38:31+00:00\" \/>\n<meta property=\"og:image\" content=\"https:\/\/jungianstudiesistanbul.com\/wp-content\/uploads\/2025\/03\/YAYIN1.png\" \/>\n\t<meta property=\"og:image:width\" content=\"500\" \/>\n\t<meta property=\"og:image:height\" content=\"500\" \/>\n\t<meta property=\"og:image:type\" content=\"image\/png\" \/>\n<meta name=\"twitter:card\" content=\"summary_large_image\" \/>\n<meta name=\"twitter:label1\" content=\"Est. reading time\" \/>\n\t<meta name=\"twitter:data1\" content=\"1 minute\" \/>\n<script type=\"application\/ld+json\" class=\"yoast-schema-graph\">{\"@context\":\"https:\/\/schema.org\",\"@graph\":[{\"@type\":\"WebPage\",\"@id\":\"https:\/\/jungianstudiesistanbul.com\/product\/somatik-simya-travmada-mit-ve-bedenle-calismak-on-canli-yayini\/\",\"url\":\"https:\/\/jungianstudiesistanbul.com\/product\/somatik-simya-travmada-mit-ve-bedenle-calismak-on-canli-yayini\/\",\"name\":\"Somatik Simya: Travmada Mit ve Bedenle \u00c7al\u0131\u015fmak \u00d6n Canl\u0131 Yay\u0131n\u0131 - Jungian Studies \u0130stanbul\",\"isPartOf\":{\"@id\":\"https:\/\/jungianstudiesistanbul.com\/#website\"},\"primaryImageOfPage\":{\"@id\":\"https:\/\/jungianstudiesistanbul.com\/product\/somatik-simya-travmada-mit-ve-bedenle-calismak-on-canli-yayini\/#primaryimage\"},\"image\":{\"@id\":\"https:\/\/jungianstudiesistanbul.com\/product\/somatik-simya-travmada-mit-ve-bedenle-calismak-on-canli-yayini\/#primaryimage\"},\"thumbnailUrl\":\"https:\/\/jungianstudiesistanbul.com\/wp-content\/uploads\/2025\/03\/YAYIN1.png\",\"datePublished\":\"2025-03-24T20:35:19+00:00\",\"dateModified\":\"2026-02-23T03:38:31+00:00\",\"breadcrumb\":{\"@id\":\"https:\/\/jungianstudiesistanbul.com\/product\/somatik-simya-travmada-mit-ve-bedenle-calismak-on-canli-yayini\/#breadcrumb\"},\"inLanguage\":\"en-US\",\"potentialAction\":[{\"@type\":\"ReadAction\",\"target\":[\"https:\/\/jungianstudiesistanbul.com\/product\/somatik-simya-travmada-mit-ve-bedenle-calismak-on-canli-yayini\/\"]}]},{\"@type\":\"ImageObject\",\"inLanguage\":\"en-US\",\"@id\":\"https:\/\/jungianstudiesistanbul.com\/product\/somatik-simya-travmada-mit-ve-bedenle-calismak-on-canli-yayini\/#primaryimage\",\"url\":\"https:\/\/jungianstudiesistanbul.com\/wp-content\/uploads\/2025\/03\/YAYIN1.png\",\"contentUrl\":\"https:\/\/jungianstudiesistanbul.com\/wp-content\/uploads\/2025\/03\/YAYIN1.png\",\"width\":500,\"height\":500},{\"@type\":\"BreadcrumbList\",\"@id\":\"https:\/\/jungianstudiesistanbul.com\/product\/somatik-simya-travmada-mit-ve-bedenle-calismak-on-canli-yayini\/#breadcrumb\",\"itemListElement\":[{\"@type\":\"ListItem\",\"position\":1,\"name\":\"Anasayfa\",\"item\":\"https:\/\/jungianstudiesistanbul.com\/\"},{\"@type\":\"ListItem\",\"position\":2,\"name\":\"Ma\u011faza\",\"item\":\"https:\/\/jungianstudiesistanbul.com\/magaza\/\"},{\"@type\":\"ListItem\",\"position\":3,\"name\":\"Somatik Simya: Travmada Mit ve Bedenle \u00c7al\u0131\u015fmak \u00d6n Canl\u0131 Yay\u0131n\u0131\"}]},{\"@type\":\"WebSite\",\"@id\":\"https:\/\/jungianstudiesistanbul.com\/#website\",\"url\":\"https:\/\/jungianstudiesistanbul.com\/\",\"name\":\"Jungian Studies \u0130stanbul\",\"description\":\"e-Kitaplar, PDF D\u00f6k\u00fcmanlar, At\u00f6lyeler ve G\u00fcncel \u0130\u00e7erikler\",\"publisher\":{\"@id\":\"https:\/\/jungianstudiesistanbul.com\/#organization\"},\"potentialAction\":[{\"@type\":\"SearchAction\",\"target\":{\"@type\":\"EntryPoint\",\"urlTemplate\":\"https:\/\/jungianstudiesistanbul.com\/?s={search_term_string}\"},\"query-input\":{\"@type\":\"PropertyValueSpecification\",\"valueRequired\":true,\"valueName\":\"search_term_string\"}}],\"inLanguage\":\"en-US\"},{\"@type\":\"Organization\",\"@id\":\"https:\/\/jungianstudiesistanbul.com\/#organization\",\"name\":\"Jungian Studies \u0130stanbul\",\"url\":\"https:\/\/jungianstudiesistanbul.com\/\",\"logo\":{\"@type\":\"ImageObject\",\"inLanguage\":\"en-US\",\"@id\":\"https:\/\/jungianstudiesistanbul.com\/#\/schema\/logo\/image\/\",\"url\":\"https:\/\/jungianstudiesistanbul.com\/wp-content\/uploads\/2026\/01\/rsw_700cg_truem.png\",\"contentUrl\":\"https:\/\/jungianstudiesistanbul.com\/wp-content\/uploads\/2026\/01\/rsw_700cg_truem.png\",\"width\":700,\"height\":700,\"caption\":\"Jungian Studies \u0130stanbul\"},\"image\":{\"@id\":\"https:\/\/jungianstudiesistanbul.com\/#\/schema\/logo\/image\/\"}}]}<\/script>\n<!-- \/ Yoast SEO plugin. -->","yoast_head_json":{"title":"Somatik Simya: Travmada Mit ve Bedenle \u00c7al\u0131\u015fmak \u00d6n Canl\u0131 Yay\u0131n\u0131 - Jungian Studies \u0130stanbul","robots":{"index":"index","follow":"follow","max-snippet":"max-snippet:-1","max-image-preview":"max-image-preview:large","max-video-preview":"max-video-preview:-1"},"canonical":"https:\/\/jungianstudiesistanbul.com\/en\/product\/somatik-simya-travmada-mit-ve-bedenle-calismak-on-canli-yayini\/","og_locale":"en_US","og_type":"article","og_title":"Somatik Simya: Travmada Mit ve Bedenle \u00c7al\u0131\u015fmak \u00d6n Canl\u0131 Yay\u0131n\u0131 - Jungian Studies \u0130stanbul","og_description":"Somatik Simya: Travmada Mit ve Bedenle \u00c7al\u0131\u015fmak \u2013 \u00d6n Canl\u0131 Yay\u0131n Kayd\u0131 Jane Clapp ve Berin Orhan\u2019\u0131n 24 May\u0131s\u2019ta ger\u00e7ekle\u015ftirece\u011fi etkinlik \u00f6ncesinde yap\u0131lan Instagram canl\u0131 yay\u0131n\u0131n\u0131n kayd\u0131n\u0131 \u00fccretsiz olarak eri\u015fiminize a\u00e7\u0131yoruz! Bu yay\u0131nda etkinli\u011fin i\u00e7eri\u011fi, e\u011fitim takvimi ve travma ile bedensel \u00e7al\u0131\u015fma \u00fczerine \u00f6nemli bilgiler konu\u015fuldu.","og_url":"https:\/\/jungianstudiesistanbul.com\/en\/product\/somatik-simya-travmada-mit-ve-bedenle-calismak-on-canli-yayini\/","og_site_name":"Jungian Studies \u0130stanbul","article_modified_time":"2026-02-23T03:38:31+00:00","og_image":[{"width":500,"height":500,"url":"https:\/\/jungianstudiesistanbul.com\/wp-content\/uploads\/2025\/03\/YAYIN1.png","type":"image\/png"}],"twitter_card":"summary_large_image","twitter_misc":{"Est. reading time":"1 minute"},"schema":{"@context":"https:\/\/schema.org","@graph":[{"@type":"WebPage","@id":"https:\/\/jungianstudiesistanbul.com\/product\/somatik-simya-travmada-mit-ve-bedenle-calismak-on-canli-yayini\/","url":"https:\/\/jungianstudiesistanbul.com\/product\/somatik-simya-travmada-mit-ve-bedenle-calismak-on-canli-yayini\/","name":"Somatik Simya: Travmada Mit ve Bedenle \u00c7al\u0131\u015fmak \u00d6n Canl\u0131 Yay\u0131n\u0131 - Jungian Studies \u0130stanbul","isPartOf":{"@id":"https:\/\/jungianstudiesistanbul.com\/#website"},"primaryImageOfPage":{"@id":"https:\/\/jungianstudiesistanbul.com\/product\/somatik-simya-travmada-mit-ve-bedenle-calismak-on-canli-yayini\/#primaryimage"},"image":{"@id":"https:\/\/jungianstudiesistanbul.com\/product\/somatik-simya-travmada-mit-ve-bedenle-calismak-on-canli-yayini\/#primaryimage"},"thumbnailUrl":"https:\/\/jungianstudiesistanbul.com\/wp-content\/uploads\/2025\/03\/YAYIN1.png","datePublished":"2025-03-24T20:35:19+00:00","dateModified":"2026-02-23T03:38:31+00:00","breadcrumb":{"@id":"https:\/\/jungianstudiesistanbul.com\/product\/somatik-simya-travmada-mit-ve-bedenle-calismak-on-canli-yayini\/#breadcrumb"},"inLanguage":"en-US","potentialAction":[{"@type":"ReadAction","target":["https:\/\/jungianstudiesistanbul.com\/product\/somatik-simya-travmada-mit-ve-bedenle-calismak-on-canli-yayini\/"]}]},{"@type":"ImageObject","inLanguage":"en-US","@id":"https:\/\/jungianstudiesistanbul.com\/product\/somatik-simya-travmada-mit-ve-bedenle-calismak-on-canli-yayini\/#primaryimage","url":"https:\/\/jungianstudiesistanbul.com\/wp-content\/uploads\/2025\/03\/YAYIN1.png","contentUrl":"https:\/\/jungianstudiesistanbul.com\/wp-content\/uploads\/2025\/03\/YAYIN1.png","width":500,"height":500},{"@type":"BreadcrumbList","@id":"https:\/\/jungianstudiesistanbul.com\/product\/somatik-simya-travmada-mit-ve-bedenle-calismak-on-canli-yayini\/#breadcrumb","itemListElement":[{"@type":"ListItem","position":1,"name":"Anasayfa","item":"https:\/\/jungianstudiesistanbul.com\/"},{"@type":"ListItem","position":2,"name":"Ma\u011faza","item":"https:\/\/jungianstudiesistanbul.com\/magaza\/"},{"@type":"ListItem","position":3,"name":"Somatik Simya: Travmada Mit ve Bedenle \u00c7al\u0131\u015fmak \u00d6n Canl\u0131 Yay\u0131n\u0131"}]},{"@type":"WebSite","@id":"https:\/\/jungianstudiesistanbul.com\/#website","url":"https:\/\/jungianstudiesistanbul.com\/","name":"Jungian Studies \u0130stanbul","description":"eBooks, PDF Documents, Workshops","publisher":{"@id":"https:\/\/jungianstudiesistanbul.com\/#organization"},"potentialAction":[{"@type":"SearchAction","target":{"@type":"EntryPoint","urlTemplate":"https:\/\/jungianstudiesistanbul.com\/?s={search_term_string}"},"query-input":{"@type":"PropertyValueSpecification","valueRequired":true,"valueName":"search_term_string"}}],"inLanguage":"en-US"},{"@type":"Organization","@id":"https:\/\/jungianstudiesistanbul.com\/#organization","name":"Jungian Studies \u0130stanbul","url":"https:\/\/jungianstudiesistanbul.com\/","logo":{"@type":"ImageObject","inLanguage":"en-US","@id":"https:\/\/jungianstudiesistanbul.com\/#\/schema\/logo\/image\/","url":"https:\/\/jungianstudiesistanbul.com\/wp-content\/uploads\/2026\/01\/rsw_700cg_truem.png","contentUrl":"https:\/\/jungianstudiesistanbul.com\/wp-content\/uploads\/2026\/01\/rsw_700cg_truem.png","width":700,"height":700,"caption":"Jungian Studies \u0130stanbul"},"image":{"@id":"https:\/\/jungianstudiesistanbul.com\/#\/schema\/logo\/image\/"}}]}},"_links":{"self":[{"href":"https:\/\/jungianstudiesistanbul.com\/en\/wp-json\/wp\/v2\/product\/2443","targetHints":{"allow":["GET"]}}],"collection":[{"href":"https:\/\/jungianstudiesistanbul.com\/en\/wp-json\/wp\/v2\/product"}],"about":[{"href":"https:\/\/jungianstudiesistanbul.com\/en\/wp-json\/wp\/v2\/types\/product"}],"wp:featuredmedia":[{"embeddable":true,"href":"https:\/\/jungianstudiesistanbul.com\/en\/wp-json\/wp\/v2\/media\/2444"}],"wp:attachment":[{"href":"https:\/\/jungianstudiesistanbul.com\/en\/wp-json\/wp\/v2\/media?parent=2443"}],"wp:term":[{"taxonomy":"product_brand","embeddable":true,"href":"https:\/\/jungianstudiesistanbul.com\/en\/wp-json\/wp\/v2\/product_brand?post=2443"},{"taxonomy":"product_cat","embeddable":true,"href":"https:\/\/jungianstudiesistanbul.com\/en\/wp-json\/wp\/v2\/product_cat?post=2443"},{"taxonomy":"product_tag","embeddable":true,"href":"https:\/\/jungianstudiesistanbul.com\/en\/wp-json\/wp\/v2\/product_tag?post=2443"}],"curies":[{"name":"wp","href":"https:\/\/api.w.org\/{rel}","templated":true}]}}