{"id":1681,"date":"2019-06-26T15:11:29","date_gmt":"2019-06-26T15:11:29","guid":{"rendered":"https:\/\/jungianstudiesistanbul.com\/v2\/?post_type=product&#038;p=1681"},"modified":"2026-02-23T06:42:37","modified_gmt":"2026-02-23T03:42:37","slug":"jungiyen-somatike-giris","status":"publish","type":"product","link":"https:\/\/jungianstudiesistanbul.com\/en\/product\/jungiyen-somatike-giris\/","title":{"rendered":"Introduction to Jungian Somatics Training Record"},"content":{"rendered":"<div class=\"woocommerce-tabs wc-tabs-wrapper\">\n<div id=\"tab-description\" class=\"woocommerce-Tabs-panel woocommerce-Tabs-panel--description panel entry-content wc-tab\" role=\"tabpanel\" aria-labelledby=\"tab-title-description\">\n<p>21 Ocak tarihinde ger\u00e7ekle\u015ftirdi\u011fimiz Jungiyen Somatik\u2019e Giri\u015f e\u011fitiminin online Zoom kayd\u0131. E\u011fitim, alan\u0131nda uzman Jane Clapp taraf\u0131ndan verilmi\u015f olup, olduk\u00e7a bilgilendirici ve derinlemesine bir i\u00e7eri\u011fe sahiptir.<\/p>\n<\/div>\n<\/div>\n<section class=\"related products\"><\/section>","protected":false},"excerpt":{"rendered":"<p><strong>E\u011fitim \u0130\u00e7eri\u011fi:<\/strong><\/p>\n<ul>\n<li>Jungiyen analitik psikoloji<\/li>\n<li>Somatik deneyimlerin anlam\u0131<\/li>\n<li>Online platformlarda somatik \u00e7al\u0131\u015fma prati\u011fi<\/li>\n<li>Ve daha fazlas\u0131\u2026<\/li>\n<\/ul>\n<p><strong>Neden Bu Kayd\u0131 Almal\u0131s\u0131n\u0131z?<\/strong><\/p>\n<ul>\n<li>E\u011fitimden ka\u00e7\u0131rd\u0131\u011f\u0131n\u0131z detaylar\u0131 yakalama \u015fans\u0131<\/li>\n<li>\u0130stedi\u011finiz zaman, istedi\u011finiz yerde izleme \u00f6zg\u00fcrl\u00fc\u011f\u00fc<\/li>\n<li>Bilgi birikiminizi derinle\u015ftirme ve prati\u011finizi geli\u015ftirme imkan\u0131<\/li>\n<\/ul>","protected":false},"featured_media":2249,"template":"","meta":[],"product_brand":[],"product_cat":[65],"product_tag":[],"class_list":{"0":"post-1681","1":"product","2":"type-product","3":"status-publish","4":"has-post-thumbnail","6":"product_cat-egitim-kayitlari","8":"first","9":"instock","10":"downloadable","11":"virtual","12":"purchasable","13":"product-type-simple"},"yoast_head":"<!-- This site is optimized with the Yoast SEO plugin v26.8 - https:\/\/yoast.com\/product\/yoast-seo-wordpress\/ -->\n<title>Jungiyen Somatik&#039;e Giri\u015f E\u011fitim Kayd\u0131 - Jungian Studies \u0130stanbul<\/title>\n<meta name=\"robots\" content=\"index, follow, max-snippet:-1, max-image-preview:large, max-video-preview:-1\" \/>\n<link rel=\"canonical\" href=\"https:\/\/jungianstudiesistanbul.com\/en\/product\/jungiyen-somatike-giris\/\" \/>\n<meta property=\"og:locale\" content=\"en_US\" \/>\n<meta property=\"og:type\" content=\"article\" \/>\n<meta property=\"og:title\" content=\"Jungiyen Somatik&#039;e Giri\u015f E\u011fitim Kayd\u0131 - Jungian Studies \u0130stanbul\" \/>\n<meta property=\"og:description\" content=\"E\u011fitim \u0130\u00e7eri\u011fi:   Jungiyen analitik psikoloji  Somatik deneyimlerin anlam\u0131  Online platformlarda somatik \u00e7al\u0131\u015fma prati\u011fi  Ve daha fazlas\u0131\u2026  Neden Bu Kayd\u0131 Almal\u0131s\u0131n\u0131z?   E\u011fitimden ka\u00e7\u0131rd\u0131\u011f\u0131n\u0131z detaylar\u0131 yakalama \u015fans\u0131  \u0130stedi\u011finiz zaman, istedi\u011finiz yerde izleme \u00f6zg\u00fcrl\u00fc\u011f\u00fc  Bilgi birikiminizi derinle\u015ftirme ve prati\u011finizi geli\u015ftirme imkan\u0131\" \/>\n<meta property=\"og:url\" content=\"https:\/\/jungianstudiesistanbul.com\/en\/product\/jungiyen-somatike-giris\/\" \/>\n<meta property=\"og:site_name\" content=\"Jungian Studies \u0130stanbul\" \/>\n<meta property=\"article:modified_time\" content=\"2026-02-23T03:42:37+00:00\" \/>\n<meta property=\"og:image\" content=\"https:\/\/jungianstudiesistanbul.com\/wp-content\/uploads\/2019\/06\/8pr-copyright-500x500-1.png\" \/>\n\t<meta property=\"og:image:width\" content=\"500\" \/>\n\t<meta property=\"og:image:height\" content=\"500\" \/>\n\t<meta property=\"og:image:type\" content=\"image\/png\" \/>\n<meta name=\"twitter:card\" content=\"summary_large_image\" \/>\n<meta name=\"twitter:label1\" content=\"Est. reading time\" \/>\n\t<meta name=\"twitter:data1\" content=\"1 minute\" \/>\n<script type=\"application\/ld+json\" class=\"yoast-schema-graph\">{\"@context\":\"https:\/\/schema.org\",\"@graph\":[{\"@type\":\"WebPage\",\"@id\":\"https:\/\/jungianstudiesistanbul.com\/product\/jungiyen-somatike-giris\/\",\"url\":\"https:\/\/jungianstudiesistanbul.com\/product\/jungiyen-somatike-giris\/\",\"name\":\"Jungiyen Somatik'e Giri\u015f E\u011fitim Kayd\u0131 - Jungian Studies \u0130stanbul\",\"isPartOf\":{\"@id\":\"https:\/\/jungianstudiesistanbul.com\/#website\"},\"primaryImageOfPage\":{\"@id\":\"https:\/\/jungianstudiesistanbul.com\/product\/jungiyen-somatike-giris\/#primaryimage\"},\"image\":{\"@id\":\"https:\/\/jungianstudiesistanbul.com\/product\/jungiyen-somatike-giris\/#primaryimage\"},\"thumbnailUrl\":\"https:\/\/jungianstudiesistanbul.com\/wp-content\/uploads\/2019\/06\/8pr-copyright-500x500-1.png\",\"datePublished\":\"2019-06-26T15:11:29+00:00\",\"dateModified\":\"2026-02-23T03:42:37+00:00\",\"breadcrumb\":{\"@id\":\"https:\/\/jungianstudiesistanbul.com\/product\/jungiyen-somatike-giris\/#breadcrumb\"},\"inLanguage\":\"en-US\",\"potentialAction\":[{\"@type\":\"ReadAction\",\"target\":[\"https:\/\/jungianstudiesistanbul.com\/product\/jungiyen-somatike-giris\/\"]}]},{\"@type\":\"ImageObject\",\"inLanguage\":\"en-US\",\"@id\":\"https:\/\/jungianstudiesistanbul.com\/product\/jungiyen-somatike-giris\/#primaryimage\",\"url\":\"https:\/\/jungianstudiesistanbul.com\/wp-content\/uploads\/2019\/06\/8pr-copyright-500x500-1.png\",\"contentUrl\":\"https:\/\/jungianstudiesistanbul.com\/wp-content\/uploads\/2019\/06\/8pr-copyright-500x500-1.png\",\"width\":500,\"height\":500},{\"@type\":\"BreadcrumbList\",\"@id\":\"https:\/\/jungianstudiesistanbul.com\/product\/jungiyen-somatike-giris\/#breadcrumb\",\"itemListElement\":[{\"@type\":\"ListItem\",\"position\":1,\"name\":\"Anasayfa\",\"item\":\"https:\/\/jungianstudiesistanbul.com\/\"},{\"@type\":\"ListItem\",\"position\":2,\"name\":\"Ma\u011faza\",\"item\":\"https:\/\/jungianstudiesistanbul.com\/magaza\/\"},{\"@type\":\"ListItem\",\"position\":3,\"name\":\"Jungiyen Somatik&#8217;e Giri\u015f E\u011fitim Kayd\u0131\"}]},{\"@type\":\"WebSite\",\"@id\":\"https:\/\/jungianstudiesistanbul.com\/#website\",\"url\":\"https:\/\/jungianstudiesistanbul.com\/\",\"name\":\"Jungian Studies \u0130stanbul\",\"description\":\"e-Kitaplar, PDF D\u00f6k\u00fcmanlar, At\u00f6lyeler ve G\u00fcncel \u0130\u00e7erikler\",\"publisher\":{\"@id\":\"https:\/\/jungianstudiesistanbul.com\/#organization\"},\"potentialAction\":[{\"@type\":\"SearchAction\",\"target\":{\"@type\":\"EntryPoint\",\"urlTemplate\":\"https:\/\/jungianstudiesistanbul.com\/?s={search_term_string}\"},\"query-input\":{\"@type\":\"PropertyValueSpecification\",\"valueRequired\":true,\"valueName\":\"search_term_string\"}}],\"inLanguage\":\"en-US\"},{\"@type\":\"Organization\",\"@id\":\"https:\/\/jungianstudiesistanbul.com\/#organization\",\"name\":\"Jungian Studies \u0130stanbul\",\"url\":\"https:\/\/jungianstudiesistanbul.com\/\",\"logo\":{\"@type\":\"ImageObject\",\"inLanguage\":\"en-US\",\"@id\":\"https:\/\/jungianstudiesistanbul.com\/#\/schema\/logo\/image\/\",\"url\":\"https:\/\/jungianstudiesistanbul.com\/wp-content\/uploads\/2026\/01\/rsw_700cg_truem.png\",\"contentUrl\":\"https:\/\/jungianstudiesistanbul.com\/wp-content\/uploads\/2026\/01\/rsw_700cg_truem.png\",\"width\":700,\"height\":700,\"caption\":\"Jungian Studies \u0130stanbul\"},\"image\":{\"@id\":\"https:\/\/jungianstudiesistanbul.com\/#\/schema\/logo\/image\/\"}}]}<\/script>\n<!-- \/ Yoast SEO plugin. -->","yoast_head_json":{"title":"Jungiyen Somatik'e Giri\u015f E\u011fitim Kayd\u0131 - Jungian Studies \u0130stanbul","robots":{"index":"index","follow":"follow","max-snippet":"max-snippet:-1","max-image-preview":"max-image-preview:large","max-video-preview":"max-video-preview:-1"},"canonical":"https:\/\/jungianstudiesistanbul.com\/en\/product\/jungiyen-somatike-giris\/","og_locale":"en_US","og_type":"article","og_title":"Jungiyen Somatik'e Giri\u015f E\u011fitim Kayd\u0131 - Jungian Studies \u0130stanbul","og_description":"E\u011fitim \u0130\u00e7eri\u011fi:   Jungiyen analitik psikoloji  Somatik deneyimlerin anlam\u0131  Online platformlarda somatik \u00e7al\u0131\u015fma prati\u011fi  Ve daha fazlas\u0131\u2026  Neden Bu Kayd\u0131 Almal\u0131s\u0131n\u0131z?   E\u011fitimden ka\u00e7\u0131rd\u0131\u011f\u0131n\u0131z detaylar\u0131 yakalama \u015fans\u0131  \u0130stedi\u011finiz zaman, istedi\u011finiz yerde izleme \u00f6zg\u00fcrl\u00fc\u011f\u00fc  Bilgi birikiminizi derinle\u015ftirme ve prati\u011finizi geli\u015ftirme imkan\u0131","og_url":"https:\/\/jungianstudiesistanbul.com\/en\/product\/jungiyen-somatike-giris\/","og_site_name":"Jungian Studies \u0130stanbul","article_modified_time":"2026-02-23T03:42:37+00:00","og_image":[{"width":500,"height":500,"url":"https:\/\/jungianstudiesistanbul.com\/wp-content\/uploads\/2019\/06\/8pr-copyright-500x500-1.png","type":"image\/png"}],"twitter_card":"summary_large_image","twitter_misc":{"Est. reading time":"1 minute"},"schema":{"@context":"https:\/\/schema.org","@graph":[{"@type":"WebPage","@id":"https:\/\/jungianstudiesistanbul.com\/product\/jungiyen-somatike-giris\/","url":"https:\/\/jungianstudiesistanbul.com\/product\/jungiyen-somatike-giris\/","name":"Jungiyen Somatik'e Giri\u015f E\u011fitim Kayd\u0131 - Jungian Studies \u0130stanbul","isPartOf":{"@id":"https:\/\/jungianstudiesistanbul.com\/#website"},"primaryImageOfPage":{"@id":"https:\/\/jungianstudiesistanbul.com\/product\/jungiyen-somatike-giris\/#primaryimage"},"image":{"@id":"https:\/\/jungianstudiesistanbul.com\/product\/jungiyen-somatike-giris\/#primaryimage"},"thumbnailUrl":"https:\/\/jungianstudiesistanbul.com\/wp-content\/uploads\/2019\/06\/8pr-copyright-500x500-1.png","datePublished":"2019-06-26T15:11:29+00:00","dateModified":"2026-02-23T03:42:37+00:00","breadcrumb":{"@id":"https:\/\/jungianstudiesistanbul.com\/product\/jungiyen-somatike-giris\/#breadcrumb"},"inLanguage":"en-US","potentialAction":[{"@type":"ReadAction","target":["https:\/\/jungianstudiesistanbul.com\/product\/jungiyen-somatike-giris\/"]}]},{"@type":"ImageObject","inLanguage":"en-US","@id":"https:\/\/jungianstudiesistanbul.com\/product\/jungiyen-somatike-giris\/#primaryimage","url":"https:\/\/jungianstudiesistanbul.com\/wp-content\/uploads\/2019\/06\/8pr-copyright-500x500-1.png","contentUrl":"https:\/\/jungianstudiesistanbul.com\/wp-content\/uploads\/2019\/06\/8pr-copyright-500x500-1.png","width":500,"height":500},{"@type":"BreadcrumbList","@id":"https:\/\/jungianstudiesistanbul.com\/product\/jungiyen-somatike-giris\/#breadcrumb","itemListElement":[{"@type":"ListItem","position":1,"name":"Anasayfa","item":"https:\/\/jungianstudiesistanbul.com\/"},{"@type":"ListItem","position":2,"name":"Ma\u011faza","item":"https:\/\/jungianstudiesistanbul.com\/magaza\/"},{"@type":"ListItem","position":3,"name":"Jungiyen Somatik&#8217;e Giri\u015f E\u011fitim Kayd\u0131"}]},{"@type":"WebSite","@id":"https:\/\/jungianstudiesistanbul.com\/#website","url":"https:\/\/jungianstudiesistanbul.com\/","name":"Jungian Studies \u0130stanbul","description":"eBooks, PDF Documents, Workshops","publisher":{"@id":"https:\/\/jungianstudiesistanbul.com\/#organization"},"potentialAction":[{"@type":"SearchAction","target":{"@type":"EntryPoint","urlTemplate":"https:\/\/jungianstudiesistanbul.com\/?s={search_term_string}"},"query-input":{"@type":"PropertyValueSpecification","valueRequired":true,"valueName":"search_term_string"}}],"inLanguage":"en-US"},{"@type":"Organization","@id":"https:\/\/jungianstudiesistanbul.com\/#organization","name":"Jungian Studies \u0130stanbul","url":"https:\/\/jungianstudiesistanbul.com\/","logo":{"@type":"ImageObject","inLanguage":"en-US","@id":"https:\/\/jungianstudiesistanbul.com\/#\/schema\/logo\/image\/","url":"https:\/\/jungianstudiesistanbul.com\/wp-content\/uploads\/2026\/01\/rsw_700cg_truem.png","contentUrl":"https:\/\/jungianstudiesistanbul.com\/wp-content\/uploads\/2026\/01\/rsw_700cg_truem.png","width":700,"height":700,"caption":"Jungian Studies \u0130stanbul"},"image":{"@id":"https:\/\/jungianstudiesistanbul.com\/#\/schema\/logo\/image\/"}}]}},"_links":{"self":[{"href":"https:\/\/jungianstudiesistanbul.com\/en\/wp-json\/wp\/v2\/product\/1681","targetHints":{"allow":["GET"]}}],"collection":[{"href":"https:\/\/jungianstudiesistanbul.com\/en\/wp-json\/wp\/v2\/product"}],"about":[{"href":"https:\/\/jungianstudiesistanbul.com\/en\/wp-json\/wp\/v2\/types\/product"}],"wp:featuredmedia":[{"embeddable":true,"href":"https:\/\/jungianstudiesistanbul.com\/en\/wp-json\/wp\/v2\/media\/2249"}],"wp:attachment":[{"href":"https:\/\/jungianstudiesistanbul.com\/en\/wp-json\/wp\/v2\/media?parent=1681"}],"wp:term":[{"taxonomy":"product_brand","embeddable":true,"href":"https:\/\/jungianstudiesistanbul.com\/en\/wp-json\/wp\/v2\/product_brand?post=1681"},{"taxonomy":"product_cat","embeddable":true,"href":"https:\/\/jungianstudiesistanbul.com\/en\/wp-json\/wp\/v2\/product_cat?post=1681"},{"taxonomy":"product_tag","embeddable":true,"href":"https:\/\/jungianstudiesistanbul.com\/en\/wp-json\/wp\/v2\/product_tag?post=1681"}],"curies":[{"name":"wp","href":"https:\/\/api.w.org\/{rel}","templated":true}]}}