{"id":2673,"date":"2026-04-30T03:47:18","date_gmt":"2026-04-30T00:47:18","guid":{"rendered":"https:\/\/jungianstudiesistanbul.com\/?page_id=2673"},"modified":"2026-04-30T03:47:18","modified_gmt":"2026-04-30T00:47:18","slug":"12-jungiyen-arketip-testi","status":"publish","type":"page","link":"https:\/\/jungianstudiesistanbul.com\/en\/12-jungiyen-arketip-testi\/","title":{"rendered":"12 Jungiyen Arketip Testi"},"content":{"rendered":"<div class=\"wpb-content-wrapper\"><div class=\"vc_row wpb_row vc_row-fluid shape_divider_top-none shape_divider_bottom-none\"><div class=\"wpb_column vc_column_container vc_col-sm-12 sc_layouts_column_icons_position_left\"><div class=\"vc_column-inner\"><div class=\"wpb_wrapper\">\n\t<div class=\"wpb_raw_code wpb_raw_html wpb_content_element\" >\n\t\t<div class=\"wpb_wrapper\">\n\t\t\t<div id=\"quiz-container\">\n  <h2>Hangi Jungiyen Arketipsin?<\/h2>\n  <div id=\"quiz\"><\/div>\n  <button id=\"resultBtn\" onclick=\"calculateResult()\">Sonucu G\u00f6r<\/button>\n  <div id=\"result\"><\/div>\n<\/div>\n\n<style>\n#quiz-container {\n  max-width: 700px;\n  margin: auto;\n  font-family: Arial;\n  padding: 20px;\n}\n\n.question {\n  margin-bottom: 25px;\n}\n\n.answer-btn {\n  display: block;\n  width: 100%;\n  padding: 12px;\n  margin: 6px 0;\n  border: 1px solid #ddd;\n  border-radius: 25px;\n  background: #f7f7f7;\n  cursor: pointer;\n  transition: 0.2s;\n}\n\n.answer-btn:hover {\n  background: #eaeaea;\n}\n\n.selected {\n  background: #2c3e50 !important;\n  color: #fff;\n  border-color: #2c3e50;\n}\n\n#resultBtn {\n  margin-top: 20px;\n  padding: 12px 20px;\n  border-radius: 25px;\n  border: none;\n  background: #000;\n  color: #fff;\n  cursor: pointer;\n}\n\n#result {\n  margin-top: 30px;\n  font-size: 18px;\n}\n<\/style>\n\n<script>\nconst questions = [\n  {\n    q: \"Hayatta seni en \u00e7ok motive eden \u015fey nedir?\",\n    a: [\n      { text: \"G\u00fcven ve huzur\", type: \"Masum\" },\n      { text: \"Ba\u015far\u0131 ve m\u00fccadele\", type: \"Kahraman\" },\n      { text: \"Ger\u00e7e\u011fi anlamak\", type: \"Bilge\" },\n      { text: \"\u00d6zg\u00fcrl\u00fck\", type: \"Ka\u015fif\" }\n    ]\n  },\n  {\n    q: \"Zor bir durumda nas\u0131l tepki verirsin?\",\n    a: [\n      { text: \"Do\u011fru olan\u0131 yapar\u0131m\", type: \"Masum\" },\n      { text: \"M\u00fccadele ederim\", type: \"Kahraman\" },\n      { text: \"Analiz ederim\", type: \"Bilge\" },\n      { text: \"Kurallar\u0131 sorgular\u0131m\", type: \"Asi\" }\n    ]\n  },\n  {\n    q: \"\u0130li\u015fkilerde en \u00f6nemli \u015fey nedir?\",\n    a: [\n      { text: \"Aidiyet\", type: \"S\u0131radan \u0130nsan\" },\n      { text: \"Derin ba\u011f\", type: \"\u00c2\u015f\u0131k\" },\n      { text: \"Destek olmak\", type: \"Bak\u0131m Veren\" },\n      { text: \"E\u011flenmek\", type: \"Soytar\u0131\" }\n    ]\n  },\n  {\n    q: \"Kendini nas\u0131l tan\u0131mlars\u0131n?\",\n    a: [\n      { text: \"Lider\", type: \"H\u00fck\u00fcmdar\" },\n      { text: \"Yarat\u0131c\u0131\", type: \"Yarat\u0131c\u0131\" },\n      { text: \"D\u00f6n\u00fc\u015ft\u00fcr\u00fcc\u00fc\", type: \"B\u00fcy\u00fcc\u00fc\" },\n      { text: \"Ka\u015fif\", type: \"Ka\u015fif\" }\n    ]\n  },\n  {\n    q: \"En b\u00fcy\u00fck korkun nedir?\",\n    a: [\n      { text: \"Kontrol kayb\u0131\", type: \"H\u00fck\u00fcmdar\" },\n      { text: \"Sevilmemek\", type: \"\u00c2\u015f\u0131k\" },\n      { text: \"G\u00fc\u00e7s\u00fczl\u00fck\", type: \"Kahraman\" },\n      { text: \"Anlams\u0131zl\u0131k\", type: \"Ka\u015fif\" }\n    ]\n  },\n  {\n    q: \"Hayat senin i\u00e7in nedir?\",\n    a: [\n      { text: \"Bir yolculuk\", type: \"Ka\u015fif\" },\n      { text: \"Bir m\u00fccadele\", type: \"Kahraman\" },\n      { text: \"Bir oyun\", type: \"Soytar\u0131\" },\n      { text: \"Bir anlam aray\u0131\u015f\u0131\", type: \"Bilge\" }\n    ]\n  },\n  {\n    q: \"Seni en \u00e7ok ne tatmin eder?\",\n    a: [\n      { text: \"Ba\u015far\u0131\", type: \"Kahraman\" },\n      { text: \"Sevgi\", type: \"\u00c2\u015f\u0131k\" },\n      { text: \"Bilgi\", type: \"Bilge\" },\n      { text: \"Yarat\u0131m\", type: \"Yarat\u0131c\u0131\" }\n    ]\n  },\n  {\n    q: \"Hangi c\u00fcmle sana daha yak\u0131n?\",\n    a: [\n      { text: \"Kurallar\u0131 y\u0131k\", type: \"Asi\" },\n      { text: \"Sevgi her \u015feydir\", type: \"\u00c2\u015f\u0131k\" },\n      { text: \"Bilgi \u00f6zg\u00fcrl\u00fckt\u00fcr\", type: \"Bilge\" },\n      { text: \"Hayat\u0131n tad\u0131n\u0131 \u00e7\u0131kar\", type: \"Soytar\u0131\" }\n    ]\n  },\n  {\n    q: \"\u0130nsanlar seni nas\u0131l tan\u0131mlar?\",\n    a: [\n      { text: \"G\u00fcvenilir\", type: \"Masum\" },\n      { text: \"G\u00fc\u00e7l\u00fc\", type: \"Kahraman\" },\n      { text: \"E\u011flenceli\", type: \"Soytar\u0131\" },\n      { text: \"Derin\", type: \"Bilge\" }\n    ]\n  },\n  {\n    q: \"En g\u00fc\u00e7l\u00fc y\u00f6n\u00fcn nedir?\",\n    a: [\n      { text: \"Empati\", type: \"Bak\u0131m Veren\" },\n      { text: \"Cesaret\", type: \"Kahraman\" },\n      { text: \"Yarat\u0131c\u0131l\u0131k\", type: \"Yarat\u0131c\u0131\" },\n      { text: \"Bilgelik\", type: \"Bilge\" }\n    ]\n  }\n];\n\nconst scores = {};\nconst answersChosen = {};\n\nfunction loadQuiz() {\n  const quizDiv = document.getElementById(\"quiz\");\n\n  questions.forEach((q, i) => {\n    const div = document.createElement(\"div\");\n    div.classList.add(\"question\");\n\n    const title = document.createElement(\"p\");\n    title.innerHTML = `<strong>${i + 1}. ${q.q}<\/strong>`;\n    div.appendChild(title);\n\n    q.a.forEach((answer, index) => {\n      const btn = document.createElement(\"button\");\n      btn.innerText = answer.text;\n      btn.classList.add(\"answer-btn\");\n\n      btn.onclick = () => {\n        \/\/ ayn\u0131 soruda \u00f6nceki se\u00e7imi temizle\n        const buttons = div.querySelectorAll(\".answer-btn\");\n        buttons.forEach(b => b.classList.remove(\"selected\"));\n\n        btn.classList.add(\"selected\");\n\n        answersChosen[i] = answer.type;\n      };\n\n      div.appendChild(btn);\n    });\n\n    quizDiv.appendChild(div);\n  });\n}\n\nfunction calculateResult() {\n  \/\/ skorlar\u0131 s\u0131f\u0131rla\n  for (let key in scores) delete scores[key];\n\n  Object.values(answersChosen).forEach(type => {\n    scores[type] = (scores[type] || 0) + 1;\n  });\n\n  let max = 0;\n  let result = \"\";\n\n  for (let key in scores) {\n    if (scores[key] > max) {\n      max = scores[key];\n      result = key;\n    }\n  }\n\n  document.getElementById(\"result\").innerHTML = `\n    <h3>Senin arketipin: ${result}<\/h3>\n    <p>Bu arketip, d\u00fcnyayla kurdu\u011fun temel ili\u015fki bi\u00e7imini ve motivasyonlar\u0131n\u0131 yans\u0131t\u0131r.<\/p>\n  `;\n}\n\nloadQuiz();\n<\/script>\n\t\t<\/div>\n\t<\/div>\n<\/div><\/div><\/div><\/div>\n<\/div>","protected":false},"excerpt":{"rendered":"Hangi Jungiyen Arketipsin? Sonucu G\u00f6r","protected":false},"author":1,"featured_media":0,"parent":0,"menu_order":0,"comment_status":"closed","ping_status":"closed","template":"","meta":{"footnotes":""},"class_list":["post-2673","page","type-page","status-publish","hentry"],"yoast_head":"<!-- This site is optimized with the Yoast SEO plugin v26.8 - https:\/\/yoast.com\/product\/yoast-seo-wordpress\/ -->\n<title>12 Jungiyen Arketip Testi - Jungian Studies \u0130stanbul<\/title>\n<meta name=\"robots\" content=\"index, follow, max-snippet:-1, max-image-preview:large, max-video-preview:-1\" \/>\n<link rel=\"canonical\" href=\"https:\/\/jungianstudiesistanbul.com\/en\/12-jungiyen-arketip-testi\/\" \/>\n<meta property=\"og:locale\" content=\"en_US\" \/>\n<meta property=\"og:type\" content=\"article\" \/>\n<meta property=\"og:title\" content=\"12 Jungiyen Arketip Testi - Jungian Studies \u0130stanbul\" \/>\n<meta property=\"og:url\" content=\"https:\/\/jungianstudiesistanbul.com\/en\/12-jungiyen-arketip-testi\/\" \/>\n<meta property=\"og:site_name\" content=\"Jungian Studies \u0130stanbul\" \/>\n<meta property=\"og:image\" content=\"https:\/\/jungianstudiesistanbul.com\/wp-content\/uploads\/2026\/01\/cropped-rsw_700cg_truem.png\" \/>\n\t<meta property=\"og:image:width\" content=\"512\" \/>\n\t<meta property=\"og:image:height\" content=\"512\" \/>\n\t<meta property=\"og:image:type\" content=\"image\/png\" \/>\n<meta name=\"twitter:card\" content=\"summary_large_image\" \/>\n<meta name=\"twitter:label1\" content=\"Est. reading time\" \/>\n\t<meta name=\"twitter:data1\" content=\"1 minute\" \/>\n<script type=\"application\/ld+json\" class=\"yoast-schema-graph\">{\"@context\":\"https:\/\/schema.org\",\"@graph\":[{\"@type\":\"WebPage\",\"@id\":\"https:\/\/jungianstudiesistanbul.com\/12-jungiyen-arketip-testi\/\",\"url\":\"https:\/\/jungianstudiesistanbul.com\/12-jungiyen-arketip-testi\/\",\"name\":\"12 Jungiyen Arketip Testi - Jungian Studies \u0130stanbul\",\"isPartOf\":{\"@id\":\"https:\/\/jungianstudiesistanbul.com\/#website\"},\"datePublished\":\"2026-04-30T00:47:18+00:00\",\"breadcrumb\":{\"@id\":\"https:\/\/jungianstudiesistanbul.com\/12-jungiyen-arketip-testi\/#breadcrumb\"},\"inLanguage\":\"en-US\",\"potentialAction\":[{\"@type\":\"ReadAction\",\"target\":[\"https:\/\/jungianstudiesistanbul.com\/12-jungiyen-arketip-testi\/\"]}]},{\"@type\":\"BreadcrumbList\",\"@id\":\"https:\/\/jungianstudiesistanbul.com\/12-jungiyen-arketip-testi\/#breadcrumb\",\"itemListElement\":[{\"@type\":\"ListItem\",\"position\":1,\"name\":\"Anasayfa\",\"item\":\"https:\/\/jungianstudiesistanbul.com\/\"},{\"@type\":\"ListItem\",\"position\":2,\"name\":\"12 Jungiyen Arketip Testi\"}]},{\"@type\":\"WebSite\",\"@id\":\"https:\/\/jungianstudiesistanbul.com\/#website\",\"url\":\"https:\/\/jungianstudiesistanbul.com\/\",\"name\":\"Jungian Studies \u0130stanbul\",\"description\":\"e-Kitaplar, PDF D\u00f6k\u00fcmanlar, At\u00f6lyeler ve G\u00fcncel \u0130\u00e7erikler\",\"publisher\":{\"@id\":\"https:\/\/jungianstudiesistanbul.com\/#organization\"},\"potentialAction\":[{\"@type\":\"SearchAction\",\"target\":{\"@type\":\"EntryPoint\",\"urlTemplate\":\"https:\/\/jungianstudiesistanbul.com\/?s={search_term_string}\"},\"query-input\":{\"@type\":\"PropertyValueSpecification\",\"valueRequired\":true,\"valueName\":\"search_term_string\"}}],\"inLanguage\":\"en-US\"},{\"@type\":\"Organization\",\"@id\":\"https:\/\/jungianstudiesistanbul.com\/#organization\",\"name\":\"Jungian Studies \u0130stanbul\",\"url\":\"https:\/\/jungianstudiesistanbul.com\/\",\"logo\":{\"@type\":\"ImageObject\",\"inLanguage\":\"en-US\",\"@id\":\"https:\/\/jungianstudiesistanbul.com\/#\/schema\/logo\/image\/\",\"url\":\"https:\/\/jungianstudiesistanbul.com\/wp-content\/uploads\/2026\/01\/rsw_700cg_truem.png\",\"contentUrl\":\"https:\/\/jungianstudiesistanbul.com\/wp-content\/uploads\/2026\/01\/rsw_700cg_truem.png\",\"width\":700,\"height\":700,\"caption\":\"Jungian Studies \u0130stanbul\"},\"image\":{\"@id\":\"https:\/\/jungianstudiesistanbul.com\/#\/schema\/logo\/image\/\"}}]}<\/script>\n<!-- \/ Yoast SEO plugin. -->","yoast_head_json":{"title":"12 Jungiyen Arketip Testi - Jungian Studies \u0130stanbul","robots":{"index":"index","follow":"follow","max-snippet":"max-snippet:-1","max-image-preview":"max-image-preview:large","max-video-preview":"max-video-preview:-1"},"canonical":"https:\/\/jungianstudiesistanbul.com\/en\/12-jungiyen-arketip-testi\/","og_locale":"en_US","og_type":"article","og_title":"12 Jungiyen Arketip Testi - Jungian Studies \u0130stanbul","og_url":"https:\/\/jungianstudiesistanbul.com\/en\/12-jungiyen-arketip-testi\/","og_site_name":"Jungian Studies \u0130stanbul","og_image":[{"width":512,"height":512,"url":"https:\/\/jungianstudiesistanbul.com\/wp-content\/uploads\/2026\/01\/cropped-rsw_700cg_truem.png","type":"image\/png"}],"twitter_card":"summary_large_image","twitter_misc":{"Est. reading time":"1 minute"},"schema":{"@context":"https:\/\/schema.org","@graph":[{"@type":"WebPage","@id":"https:\/\/jungianstudiesistanbul.com\/12-jungiyen-arketip-testi\/","url":"https:\/\/jungianstudiesistanbul.com\/12-jungiyen-arketip-testi\/","name":"12 Jungiyen Arketip Testi - Jungian Studies \u0130stanbul","isPartOf":{"@id":"https:\/\/jungianstudiesistanbul.com\/#website"},"datePublished":"2026-04-30T00:47:18+00:00","breadcrumb":{"@id":"https:\/\/jungianstudiesistanbul.com\/12-jungiyen-arketip-testi\/#breadcrumb"},"inLanguage":"en-US","potentialAction":[{"@type":"ReadAction","target":["https:\/\/jungianstudiesistanbul.com\/12-jungiyen-arketip-testi\/"]}]},{"@type":"BreadcrumbList","@id":"https:\/\/jungianstudiesistanbul.com\/12-jungiyen-arketip-testi\/#breadcrumb","itemListElement":[{"@type":"ListItem","position":1,"name":"Anasayfa","item":"https:\/\/jungianstudiesistanbul.com\/"},{"@type":"ListItem","position":2,"name":"12 Jungiyen Arketip Testi"}]},{"@type":"WebSite","@id":"https:\/\/jungianstudiesistanbul.com\/#website","url":"https:\/\/jungianstudiesistanbul.com\/","name":"Jungian Studies \u0130stanbul","description":"eBooks, PDF Documents, Workshops","publisher":{"@id":"https:\/\/jungianstudiesistanbul.com\/#organization"},"potentialAction":[{"@type":"SearchAction","target":{"@type":"EntryPoint","urlTemplate":"https:\/\/jungianstudiesistanbul.com\/?s={search_term_string}"},"query-input":{"@type":"PropertyValueSpecification","valueRequired":true,"valueName":"search_term_string"}}],"inLanguage":"en-US"},{"@type":"Organization","@id":"https:\/\/jungianstudiesistanbul.com\/#organization","name":"Jungian Studies \u0130stanbul","url":"https:\/\/jungianstudiesistanbul.com\/","logo":{"@type":"ImageObject","inLanguage":"en-US","@id":"https:\/\/jungianstudiesistanbul.com\/#\/schema\/logo\/image\/","url":"https:\/\/jungianstudiesistanbul.com\/wp-content\/uploads\/2026\/01\/rsw_700cg_truem.png","contentUrl":"https:\/\/jungianstudiesistanbul.com\/wp-content\/uploads\/2026\/01\/rsw_700cg_truem.png","width":700,"height":700,"caption":"Jungian Studies \u0130stanbul"},"image":{"@id":"https:\/\/jungianstudiesistanbul.com\/#\/schema\/logo\/image\/"}}]}},"_links":{"self":[{"href":"https:\/\/jungianstudiesistanbul.com\/en\/wp-json\/wp\/v2\/pages\/2673","targetHints":{"allow":["GET"]}}],"collection":[{"href":"https:\/\/jungianstudiesistanbul.com\/en\/wp-json\/wp\/v2\/pages"}],"about":[{"href":"https:\/\/jungianstudiesistanbul.com\/en\/wp-json\/wp\/v2\/types\/page"}],"author":[{"embeddable":true,"href":"https:\/\/jungianstudiesistanbul.com\/en\/wp-json\/wp\/v2\/users\/1"}],"replies":[{"embeddable":true,"href":"https:\/\/jungianstudiesistanbul.com\/en\/wp-json\/wp\/v2\/comments?post=2673"}],"version-history":[{"count":2,"href":"https:\/\/jungianstudiesistanbul.com\/en\/wp-json\/wp\/v2\/pages\/2673\/revisions"}],"predecessor-version":[{"id":2675,"href":"https:\/\/jungianstudiesistanbul.com\/en\/wp-json\/wp\/v2\/pages\/2673\/revisions\/2675"}],"wp:attachment":[{"href":"https:\/\/jungianstudiesistanbul.com\/en\/wp-json\/wp\/v2\/media?parent=2673"}],"curies":[{"name":"wp","href":"https:\/\/api.w.org\/{rel}","templated":true}]}}